{"id":46,"date":"2024-01-04T10:21:31","date_gmt":"2024-01-04T10:21:31","guid":{"rendered":"https:\/\/regeneracjawalownapedowych.skydoo.com.pl\/?page_id=46"},"modified":"2024-01-04T14:28:03","modified_gmt":"2024-01-04T14:28:03","slug":"oddzial-plock","status":"publish","type":"page","link":"https:\/\/regeneracjawalownapedowych.skydoo.com.pl\/?page_id=46","title":{"rendered":"Oddzia\u0142 P\u0142ock"},"content":{"rendered":"\t\t<div data-elementor-type=\"wp-page\" data-elementor-id=\"46\" class=\"elementor elementor-46\" data-elementor-post-type=\"page\">\n\t\t\t\t<div class=\"elementor-element elementor-element-8b02a4e e-flex e-con-boxed e-con e-parent\" data-id=\"8b02a4e\" data-element_type=\"container\">\n\t\t\t\t\t<div class=\"e-con-inner\">\n\t\t\t\t<div class=\"elementor-element elementor-element-15d46f5 link elementor-widget elementor-widget-text-editor\" data-id=\"15d46f5\" data-element_type=\"widget\" data-widget_type=\"text-editor.default\">\n\t\t\t\t<div class=\"elementor-widget-container\">\n\t\t\t\t\t\t\t\t\t<h3>Wa\u0142y nap\u0119dowe P\u0142ock. Wywa\u017canie i regeneracja wa\u0142\u00f3w Cardana.<\/h3><p>Z przyczyn od nas niezale\u017cnych nasz oddzia\u0142 w P\u0142ocku zawiesi\u0142 swoj\u0105 dzia\u0142alno\u015b\u0107. Zapraszamy do naszej centrali w \u0141omiankach. Aby dostarczy\u0107 do nas wa\u0142 nap\u0119dowy wystarczy wej\u015b\u0107 na stron\u0119\u00a0<a href=\"http:\/\/www.furgonetka.pl\/\" target=\"_blank\" rel=\"noopener\">www.furgonetka.pl<\/a>\u00a0i zam\u00f3wi\u0107 kuriera. Koszt przesy\u0142ki to zazwyczaj tylko kilkana\u015bcie z\u0142otych. W przypadku sta\u0142ej wsp\u00f3\u0142pracy i ci\u0119\u017ckich wa\u0142\u00f3w nasz kierowca odbierze uszkodzony wa\u0142.<\/p><p><strong>Zapraszamy do kontaktu telefonicznego.<\/strong><br \/>tel. <a href=\"tel:660-995-944\">660-995-944<\/a><\/p><p><br \/><strong>Godziny pracy:<\/strong><br \/>Poniedzia\u0142ek &#8211; Pi\u0105tek 8-17<\/p><h3>\u00a0<\/h3><p><strong>Serwis &#8211; regeneracja &#8211; wywa\u017canie &#8211; naprawa &#8211; produkcja wa\u0142\u00f3w p\u0119dnych Cardana.<\/strong><\/p>\t\t\t\t\t\t\t\t<\/div>\n\t\t\t\t<\/div>\n\t\t\t\t<div class=\"elementor-element elementor-element-e8acace elementor-widget elementor-widget-image\" data-id=\"e8acace\" data-element_type=\"widget\" data-widget_type=\"image.default\">\n\t\t\t\t<div class=\"elementor-widget-container\">\n\t\t\t\t\t\t\t\t\t\t\t\t\t\t\t<img fetchpriority=\"high\" decoding=\"async\" width=\"800\" height=\"600\" src=\"https:\/\/regeneracjawalownapedowych.skydoo.com.pl\/wp-content\/uploads\/2024\/01\/wywazarka-walow-napedowych-Cimat-1-1-1024x768.jpg\" class=\"attachment-large size-large wp-image-221\" alt=\"\" srcset=\"https:\/\/regeneracjawalownapedowych.skydoo.com.pl\/wp-content\/uploads\/2024\/01\/wywazarka-walow-napedowych-Cimat-1-1-1024x768.jpg 1024w, https:\/\/regeneracjawalownapedowych.skydoo.com.pl\/wp-content\/uploads\/2024\/01\/wywazarka-walow-napedowych-Cimat-1-1-300x225.jpg 300w, https:\/\/regeneracjawalownapedowych.skydoo.com.pl\/wp-content\/uploads\/2024\/01\/wywazarka-walow-napedowych-Cimat-1-1-768x576.jpg 768w, https:\/\/regeneracjawalownapedowych.skydoo.com.pl\/wp-content\/uploads\/2024\/01\/wywazarka-walow-napedowych-Cimat-1-1-1536x1152.jpg 1536w, https:\/\/regeneracjawalownapedowych.skydoo.com.pl\/wp-content\/uploads\/2024\/01\/wywazarka-walow-napedowych-Cimat-1-1-2048x1536.jpg 2048w\" sizes=\"(max-width: 800px) 100vw, 800px\" \/>\t\t\t\t\t\t\t\t\t\t\t\t\t\t\t<\/div>\n\t\t\t\t<\/div>\n\t\t\t\t<div class=\"elementor-element elementor-element-f82e4e0 link elementor-widget elementor-widget-text-editor\" data-id=\"f82e4e0\" data-element_type=\"widget\" data-widget_type=\"text-editor.default\">\n\t\t\t\t<div class=\"elementor-widget-container\">\n\t\t\t\t\t\t\t\t\t<p><strong>P\u0142ock, W\u0142oc\u0142awek &#8211; regeneracja wa\u0142\u00f3w nap\u0119dowych &#8211; produkcja &#8211; wywa\u017canie.<\/strong><\/p><p>Zakres naszych us\u0142ug obejmuje regeneracj\u0119, wywa\u017canie oraz produkcj\u0119 wa\u0142\u00f3w nap\u0119dowych kardana do samochod\u00f3w ci\u0119\u017carowych, dostawczych, osobowych i maszyn. Wa\u0142y nap\u0119dowe mo\u017cna do nas dostarczy\u0107 osobi\u015bcie lub za po\u015brednictwem kuriera. W przypadku wysy\u0142ki wa\u0142 nap\u0119dowy zostanie odes\u0142any natychmiast po wykonanej naprawie.<\/p><p>Aby wyceni\u0107 koszt wys\u0142ania wa\u0142u do nas i zam\u00f3wi\u0107 kuriera prosimy u\u017cy\u0107\u00a0<a href=\"http:\/\/www.furgonetka.pl\/\" target=\"_blank\" rel=\"noopener\">www.furgonetka.pl<\/a><\/p><p>\u00a0<\/p><p><strong>Regenerujemy wa\u0142y nap\u0119dowe kardana jedno, dwu, trzy i cztero cz\u0119\u015bciowe do:<\/strong><\/p><ul><li>samochod\u00f3w ci\u0119\u017carowych,<\/li><li>samochod\u00f3w dostawczych,<\/li><li>samochod\u00f3w terenowych,<\/li><li>samochod\u00f3w osobowych,<\/li><li>autobus\u00f3w,<\/li><li>pojazd\u00f3w szynowych,<\/li><li>maszyn rolniczych,<\/li><li>wozide\u0142, urz\u0105dze\u0144 hutniczych i kopalnianych,<\/li><li>przemys\u0142u,<\/li><li>kompresor\u00f3w wydmuchu,<\/li><li>cystern,<\/li><li>koparek,<\/li><li>\u0142adowarek.<\/li><\/ul><p><strong>Produkujemy oraz naprawiamy wa\u0142y przegubowo-teleskopowe WOM standardowe, szerokok\u0105tne, ze sprz\u0119g\u0142ami dla:<\/strong><\/p><ul><li>opryskiwaczy,<\/li><li>kosiarek,<\/li><li>r\u0119bak\u00f3w,<\/li><li>ci\u0105gnik\u00f3w.<\/li><\/ul><p><strong>Regeneracja, wywa\u017canie, produkcja wa\u0142\u00f3w nap\u0119dowych P\u0142ock, W\u0142oc\u0142awek, Kutno, Inowroc\u0142aw, Toru\u0144.<\/strong><\/p>\t\t\t\t\t\t\t\t<\/div>\n\t\t\t\t<\/div>\n\t\t\t\t\t<\/div>\n\t\t\t\t<\/div>\n\t\t<div class=\"elementor-element elementor-element-d5003ad e-flex e-con-boxed e-con e-parent\" data-id=\"d5003ad\" data-element_type=\"container\">\n\t\t\t\t\t<div class=\"e-con-inner\">\n\t\t\t\t<div class=\"elementor-element elementor-element-38dafd4 elementor-widget-divider--view-line elementor-widget elementor-widget-divider\" data-id=\"38dafd4\" data-element_type=\"widget\" data-widget_type=\"divider.default\">\n\t\t\t\t<div class=\"elementor-widget-container\">\n\t\t\t\t\t\t\t<div class=\"elementor-divider\">\n\t\t\t<span class=\"elementor-divider-separator\">\n\t\t\t\t\t\t<\/span>\n\t\t<\/div>\n\t\t\t\t\t\t<\/div>\n\t\t\t\t<\/div>\n\t\t\t\t<div class=\"elementor-element elementor-element-afa5428 link elementor-widget elementor-widget-text-editor\" data-id=\"afa5428\" data-element_type=\"widget\" data-widget_type=\"text-editor.default\">\n\t\t\t\t<div class=\"elementor-widget-container\">\n\t\t\t\t\t\t\t\t\t<div class=\"container\"><div class=\"container\"><div class=\"container\"><div class=\"container\"><div>Regeneracja i wywa\u017canie wa\u0142\u00f3w nap\u0119dowych P\u0142ock, W\u0142oc\u0142awek, Kutno, Toru\u0144, Inowroc\u0142aw i okolice.<\/div><\/div><footer class=\"footer\"><div class=\"container\">\u00a0<\/div><\/footer><\/div><footer class=\"footer\"><div class=\"container\">\u00a0<\/div><\/footer><\/div><footer class=\"footer\"><div class=\"container\">\u00a0<\/div><\/footer><\/div><footer class=\"footer\"><div class=\"container\">\u00a0<\/div><\/footer>\t\t\t\t\t\t\t\t<\/div>\n\t\t\t\t<\/div>\n\t\t\t\t\t<\/div>\n\t\t\t\t<\/div>\n\t\t\t\t<\/div>\n\t\t","protected":false},"excerpt":{"rendered":"<p>Wa\u0142y nap\u0119dowe P\u0142ock. Wywa\u017canie i regeneracja wa\u0142\u00f3w Cardana. Z przyczyn od nas niezale\u017cnych nasz oddzia\u0142 w P\u0142ocku zawiesi\u0142 swoj\u0105 dzia\u0142alno\u015b\u0107. Zapraszamy do naszej centrali w \u0141omiankach. Aby dostarczy\u0107 do nas wa\u0142 nap\u0119dowy wystarczy wej\u015b\u0107 na stron\u0119\u00a0www.furgonetka.pl\u00a0i zam\u00f3wi\u0107 kuriera. Koszt przesy\u0142ki to zazwyczaj tylko kilkana\u015bcie z\u0142otych. W przypadku sta\u0142ej wsp\u00f3\u0142pracy i ci\u0119\u017ckich wa\u0142\u00f3w nasz kierowca odbierze [&hellip;]<\/p>\n","protected":false},"author":1,"featured_media":0,"parent":0,"menu_order":0,"comment_status":"closed","ping_status":"closed","template":"elementor_header_footer","meta":{"footnotes":""},"class_list":["post-46","page","type-page","status-publish","hentry"],"_links":{"self":[{"href":"https:\/\/regeneracjawalownapedowych.skydoo.com.pl\/index.php?rest_route=\/wp\/v2\/pages\/46","targetHints":{"allow":["GET"]}}],"collection":[{"href":"https:\/\/regeneracjawalownapedowych.skydoo.com.pl\/index.php?rest_route=\/wp\/v2\/pages"}],"about":[{"href":"https:\/\/regeneracjawalownapedowych.skydoo.com.pl\/index.php?rest_route=\/wp\/v2\/types\/page"}],"author":[{"embeddable":true,"href":"https:\/\/regeneracjawalownapedowych.skydoo.com.pl\/index.php?rest_route=\/wp\/v2\/users\/1"}],"replies":[{"embeddable":true,"href":"https:\/\/regeneracjawalownapedowych.skydoo.com.pl\/index.php?rest_route=%2Fwp%2Fv2%2Fcomments&post=46"}],"version-history":[{"count":7,"href":"https:\/\/regeneracjawalownapedowych.skydoo.com.pl\/index.php?rest_route=\/wp\/v2\/pages\/46\/revisions"}],"predecessor-version":[{"id":234,"href":"https:\/\/regeneracjawalownapedowych.skydoo.com.pl\/index.php?rest_route=\/wp\/v2\/pages\/46\/revisions\/234"}],"wp:attachment":[{"href":"https:\/\/regeneracjawalownapedowych.skydoo.com.pl\/index.php?rest_route=%2Fwp%2Fv2%2Fmedia&parent=46"}],"curies":[{"name":"wp","href":"https:\/\/api.w.org\/{rel}","templated":true}]}}