{"id":44,"date":"2024-01-04T10:21:20","date_gmt":"2024-01-04T10:21:20","guid":{"rendered":"https:\/\/regeneracjawalownapedowych.skydoo.com.pl\/?page_id=44"},"modified":"2024-01-04T14:27:13","modified_gmt":"2024-01-04T14:27:13","slug":"wroclaw","status":"publish","type":"page","link":"https:\/\/regeneracjawalownapedowych.skydoo.com.pl\/?page_id=44","title":{"rendered":"Wroc\u0142aw"},"content":{"rendered":"\t\t<div data-elementor-type=\"wp-page\" data-elementor-id=\"44\" class=\"elementor elementor-44\" data-elementor-post-type=\"page\">\n\t\t\t\t<div class=\"elementor-element elementor-element-894f6e3 e-flex e-con-boxed e-con e-parent\" data-id=\"894f6e3\" data-element_type=\"container\">\n\t\t\t\t\t<div class=\"e-con-inner\">\n\t\t\t\t<div class=\"elementor-element elementor-element-8433774 link elementor-widget elementor-widget-text-editor\" data-id=\"8433774\" data-element_type=\"widget\" data-widget_type=\"text-editor.default\">\n\t\t\t\t<div class=\"elementor-widget-container\">\n\t\t\t\t\t\t\t\t\t<h3>Wa\u0142y nap\u0119dowe kardana Wroc\u0142aw &#8211; Wa\u0142brzych.<\/h3><p><em>SCANIA, MERCEDES, VOLVO, MAN, DAF, IVECO, JCB, CAT, MANITOU, XCMG, FORD i inne.<\/em><\/p>\t\t\t\t\t\t\t\t<\/div>\n\t\t\t\t<\/div>\n\t\t\t\t<div class=\"elementor-element elementor-element-9016d67 elementor-widget elementor-widget-image\" data-id=\"9016d67\" data-element_type=\"widget\" data-widget_type=\"image.default\">\n\t\t\t\t<div class=\"elementor-widget-container\">\n\t\t\t\t\t\t\t\t\t\t\t\t\t\t\t<img fetchpriority=\"high\" decoding=\"async\" width=\"800\" height=\"600\" src=\"https:\/\/regeneracjawalownapedowych.skydoo.com.pl\/wp-content\/uploads\/2024\/01\/wywazarka-walow-napedowych-Cimat-1-1-1024x768.jpg\" class=\"attachment-large size-large wp-image-221\" alt=\"\" srcset=\"https:\/\/regeneracjawalownapedowych.skydoo.com.pl\/wp-content\/uploads\/2024\/01\/wywazarka-walow-napedowych-Cimat-1-1-1024x768.jpg 1024w, https:\/\/regeneracjawalownapedowych.skydoo.com.pl\/wp-content\/uploads\/2024\/01\/wywazarka-walow-napedowych-Cimat-1-1-300x225.jpg 300w, https:\/\/regeneracjawalownapedowych.skydoo.com.pl\/wp-content\/uploads\/2024\/01\/wywazarka-walow-napedowych-Cimat-1-1-768x576.jpg 768w, https:\/\/regeneracjawalownapedowych.skydoo.com.pl\/wp-content\/uploads\/2024\/01\/wywazarka-walow-napedowych-Cimat-1-1-1536x1152.jpg 1536w, https:\/\/regeneracjawalownapedowych.skydoo.com.pl\/wp-content\/uploads\/2024\/01\/wywazarka-walow-napedowych-Cimat-1-1-2048x1536.jpg 2048w\" sizes=\"(max-width: 800px) 100vw, 800px\" \/>\t\t\t\t\t\t\t\t\t\t\t\t\t\t\t<\/div>\n\t\t\t\t<\/div>\n\t\t\t\t<div class=\"elementor-element elementor-element-7d478fb link elementor-widget elementor-widget-text-editor\" data-id=\"7d478fb\" data-element_type=\"widget\" data-widget_type=\"text-editor.default\">\n\t\t\t\t<div class=\"elementor-widget-container\">\n\t\t\t\t\t\t\t\t\t<p><strong>Regeneracja wa\u0142\u00f3w nap\u0119dowych &#8211; produkcja &#8211; wywa\u017canie.<\/strong><\/p><p>Ju\u017c wkr\u00f3tce otwarcie naszego nowego oddzia\u0142u we Wroc\u0142awiu\/ Wa\u0142brzychu. Oczywi\u015bcie zakres naszych us\u0142ug b\u0119dzie obejmowa\u0142 regeneracj\u0119, wywa\u017canie oraz produkcj\u0119 wa\u0142\u00f3w nap\u0119dowych kardana do samochod\u00f3w ci\u0119\u017carowych, dostawczych, osobowych i maszyn. Do czasu otwarcia nowego oddzia\u0142u prosimy o dostarczanie wa\u0142\u00f3w do naszego g\u0142\u00f3wnego serwisu za po\u015brednictwem kuriera. Wa\u0142 nap\u0119dowy zostanie odes\u0142any natychmiast po wykonanej naprawie.<\/p><p>Aby wyceni\u0107 koszt wys\u0142ania wa\u0142u do nas i zam\u00f3wi\u0107 kuriera prosimy u\u017cy\u0107\u00a0<a href=\"http:\/\/www.furgonetka.pl\/\" target=\"_blank\" rel=\"noopener\">www.furgonetka.pl<\/a><\/p><p>\u00a0<\/p><p><strong>Regenerujemy wa\u0142y nap\u0119dowe kardana jedno, dwu i trzycz\u0119\u015bciowe do:<\/strong><\/p><ul><li>samochod\u00f3w ci\u0119\u017carowych,<\/li><li>samochod\u00f3w dostawczych,<\/li><li>samochod\u00f3w terenowych,<\/li><li>samochod\u00f3w osobowych,<\/li><li>autobus\u00f3w,<\/li><li>pojazd\u00f3w szynowych,<\/li><li>maszyn rolniczych,<\/li><li>wozide\u0142, urz\u0105dze\u0144 hutniczych i kopalnianych,<\/li><li>przemys\u0142u,<\/li><li>kompresor\u00f3w wydmuchu,<\/li><li>cystern,<\/li><li>koparek,<\/li><li>\u0142adowarek.<\/li><\/ul><p>\u00a0<\/p><p>Regeneracja wa\u0142\u00f3w nap\u0119dowych Wroc\u0142aw, Wa\u0142brzych i okolice.<\/p>\t\t\t\t\t\t\t\t<\/div>\n\t\t\t\t<\/div>\n\t\t\t\t\t<\/div>\n\t\t\t\t<\/div>\n\t\t<div class=\"elementor-element elementor-element-662211e e-flex e-con-boxed e-con e-parent\" data-id=\"662211e\" data-element_type=\"container\">\n\t\t\t\t\t<div class=\"e-con-inner\">\n\t\t\t\t<div class=\"elementor-element elementor-element-9a106a2 elementor-widget-divider--view-line elementor-widget elementor-widget-divider\" data-id=\"9a106a2\" data-element_type=\"widget\" data-widget_type=\"divider.default\">\n\t\t\t\t<div class=\"elementor-widget-container\">\n\t\t\t\t\t\t\t<div class=\"elementor-divider\">\n\t\t\t<span class=\"elementor-divider-separator\">\n\t\t\t\t\t\t<\/span>\n\t\t<\/div>\n\t\t\t\t\t\t<\/div>\n\t\t\t\t<\/div>\n\t\t\t\t<div class=\"elementor-element elementor-element-867a9cf link elementor-widget elementor-widget-text-editor\" data-id=\"867a9cf\" data-element_type=\"widget\" data-widget_type=\"text-editor.default\">\n\t\t\t\t<div class=\"elementor-widget-container\">\n\t\t\t\t\t\t\t\t\t<div class=\"container\"><div class=\"container\"><div class=\"container\"><div class=\"container\"><div>Wroc\u0142aw wa\u0142y nap\u0119dowe &#8211; wywa\u017canie &#8211; naprawa &#8211; produkcja &#8211; regeneracja.<\/div><\/div><footer class=\"footer\"><div class=\"container\">\u00a0<\/div><\/footer><\/div><footer class=\"footer\"><div class=\"container\">\u00a0<\/div><\/footer><\/div><footer class=\"footer\"><div class=\"container\">\u00a0<\/div><\/footer><\/div><footer class=\"footer\"><div class=\"container\">\u00a0<\/div><\/footer>\t\t\t\t\t\t\t\t<\/div>\n\t\t\t\t<\/div>\n\t\t\t\t\t<\/div>\n\t\t\t\t<\/div>\n\t\t\t\t<\/div>\n\t\t","protected":false},"excerpt":{"rendered":"<p>Wa\u0142y nap\u0119dowe kardana Wroc\u0142aw &#8211; Wa\u0142brzych. SCANIA, MERCEDES, VOLVO, MAN, DAF, IVECO, JCB, CAT, MANITOU, XCMG, FORD i inne. Regeneracja wa\u0142\u00f3w nap\u0119dowych &#8211; produkcja &#8211; wywa\u017canie. Ju\u017c wkr\u00f3tce otwarcie naszego nowego oddzia\u0142u we Wroc\u0142awiu\/ Wa\u0142brzychu. Oczywi\u015bcie zakres naszych us\u0142ug b\u0119dzie obejmowa\u0142 regeneracj\u0119, wywa\u017canie oraz produkcj\u0119 wa\u0142\u00f3w nap\u0119dowych kardana do samochod\u00f3w ci\u0119\u017carowych, dostawczych, osobowych i maszyn. [&hellip;]<\/p>\n","protected":false},"author":1,"featured_media":0,"parent":0,"menu_order":0,"comment_status":"closed","ping_status":"closed","template":"elementor_header_footer","meta":{"footnotes":""},"class_list":["post-44","page","type-page","status-publish","hentry"],"_links":{"self":[{"href":"https:\/\/regeneracjawalownapedowych.skydoo.com.pl\/index.php?rest_route=\/wp\/v2\/pages\/44","targetHints":{"allow":["GET"]}}],"collection":[{"href":"https:\/\/regeneracjawalownapedowych.skydoo.com.pl\/index.php?rest_route=\/wp\/v2\/pages"}],"about":[{"href":"https:\/\/regeneracjawalownapedowych.skydoo.com.pl\/index.php?rest_route=\/wp\/v2\/types\/page"}],"author":[{"embeddable":true,"href":"https:\/\/regeneracjawalownapedowych.skydoo.com.pl\/index.php?rest_route=\/wp\/v2\/users\/1"}],"replies":[{"embeddable":true,"href":"https:\/\/regeneracjawalownapedowych.skydoo.com.pl\/index.php?rest_route=%2Fwp%2Fv2%2Fcomments&post=44"}],"version-history":[{"count":7,"href":"https:\/\/regeneracjawalownapedowych.skydoo.com.pl\/index.php?rest_route=\/wp\/v2\/pages\/44\/revisions"}],"predecessor-version":[{"id":231,"href":"https:\/\/regeneracjawalownapedowych.skydoo.com.pl\/index.php?rest_route=\/wp\/v2\/pages\/44\/revisions\/231"}],"wp:attachment":[{"href":"https:\/\/regeneracjawalownapedowych.skydoo.com.pl\/index.php?rest_route=%2Fwp%2Fv2%2Fmedia&parent=44"}],"curies":[{"name":"wp","href":"https:\/\/api.w.org\/{rel}","templated":true}]}}