{"id":42,"date":"2024-01-04T10:21:08","date_gmt":"2024-01-04T10:21:08","guid":{"rendered":"https:\/\/regeneracjawalownapedowych.skydoo.com.pl\/?page_id=42"},"modified":"2024-01-04T14:20:48","modified_gmt":"2024-01-04T14:20:48","slug":"gdansk","status":"publish","type":"page","link":"https:\/\/regeneracjawalownapedowych.skydoo.com.pl\/?page_id=42","title":{"rendered":"Gda\u0144sk"},"content":{"rendered":"\t\t<div data-elementor-type=\"wp-page\" data-elementor-id=\"42\" class=\"elementor elementor-42\" data-elementor-post-type=\"page\">\n\t\t\t\t<div class=\"elementor-element elementor-element-c865d77 e-flex e-con-boxed e-con e-parent\" data-id=\"c865d77\" data-element_type=\"container\">\n\t\t\t\t\t<div class=\"e-con-inner\">\n\t\t\t\t<div class=\"elementor-element elementor-element-c698755 link elementor-widget elementor-widget-heading\" data-id=\"c698755\" data-element_type=\"widget\" data-widget_type=\"heading.default\">\n\t\t\t\t<div class=\"elementor-widget-container\">\n\t\t\t\t\t<h2 class=\"elementor-heading-title elementor-size-default\">Wa\u0142y nap\u0119dowe kardana (wa\u0142y Cardana) Gda\u0144sk - Gdynia - Sopot - Tr\u00f3jmiasto - Pruszcz Gda\u0144ski - Tczew - Elbl\u0105g - Reda - Starogard.\n<\/h2>\t\t\t\t<\/div>\n\t\t\t\t<\/div>\n\t\t\t\t<div class=\"elementor-element elementor-element-b9fa97a elementor-widget elementor-widget-image\" data-id=\"b9fa97a\" data-element_type=\"widget\" data-widget_type=\"image.default\">\n\t\t\t\t<div class=\"elementor-widget-container\">\n\t\t\t\t\t\t\t\t\t\t\t\t\t\t\t<img fetchpriority=\"high\" decoding=\"async\" width=\"800\" height=\"227\" src=\"https:\/\/regeneracjawalownapedowych.skydoo.com.pl\/wp-content\/uploads\/2024\/01\/waly_napedowe_scania-1024x290.jpg\" class=\"attachment-large size-large wp-image-213\" alt=\"\" srcset=\"https:\/\/regeneracjawalownapedowych.skydoo.com.pl\/wp-content\/uploads\/2024\/01\/waly_napedowe_scania-1024x290.jpg 1024w, https:\/\/regeneracjawalownapedowych.skydoo.com.pl\/wp-content\/uploads\/2024\/01\/waly_napedowe_scania-300x85.jpg 300w, https:\/\/regeneracjawalownapedowych.skydoo.com.pl\/wp-content\/uploads\/2024\/01\/waly_napedowe_scania-768x217.jpg 768w, https:\/\/regeneracjawalownapedowych.skydoo.com.pl\/wp-content\/uploads\/2024\/01\/waly_napedowe_scania.jpg 1071w\" sizes=\"(max-width: 800px) 100vw, 800px\" \/>\t\t\t\t\t\t\t\t\t\t\t\t\t\t\t<\/div>\n\t\t\t\t<\/div>\n\t\t\t\t<div class=\"elementor-element elementor-element-e20b912 link elementor-widget elementor-widget-text-editor\" data-id=\"e20b912\" data-element_type=\"widget\" data-widget_type=\"text-editor.default\">\n\t\t\t\t<div class=\"elementor-widget-container\">\n\t\t\t\t\t\t\t\t\t<p>MAN, IVECO, MERCEDES, KRAMER, CAT, JCB, UNIMOG, MULTICAR, RENAULT, LIEBHERR, TERBERG, VOLVO, SCANIA, DAF, MANITOU, XCMG, FORD, JEEP, NISSAN, CHRYSLER, JEEP i inne.<\/p><p>Ju\u017c wkr\u00f3tce otwarcie naszego nowego oddzia\u0142u serwisu naprawy wa\u0142\u00f3w nap\u0119dowych w Gda\u0144sku\/ Gdyni. Zakres naszych us\u0142ug b\u0119dzie obejmowa\u0142 regeneracj\u0119, wywa\u017canie oraz produkcj\u0119 wa\u0142\u00f3w nap\u0119dowych kardana do samochod\u00f3w ci\u0119\u017carowych, dostawczych, osobowych, maszyn, przemys\u0142u oraz urz\u0105dze\u0144 portowych i stoczniowych. Do czasu otwarcia nowego oddzia\u0142u prosimy o dostarczanie wa\u0142\u00f3w p\u0119dnych do naszego g\u0142\u00f3wnego serwisu wa\u0142\u00f3w nap\u0119dowych za po\u015brednictwem kuriera. Wa\u0142 nap\u0119dowy zostanie odes\u0142any natychmiast po wykonanej naprawie.<\/p><p>Aby wyceni\u0107 koszt wys\u0142ania wa\u0142u nap\u0119dowego do nas i zam\u00f3wi\u0107 kuriera prosimy u\u017cy\u0107\u00a0<strong><a href=\"http:\/\/www.furgonetka.pl\/\" target=\"_blank\" rel=\"noopener\">www.furgonetka.pl<\/a><\/strong><\/p><p>\u00a0<\/p><p><strong>Regenerujemy wa\u0142y nap\u0119dowe kardana jedno, dwu i trzycz\u0119\u015bciowe do:<\/strong><\/p><ul><li>samochod\u00f3w ci\u0119\u017carowych,<\/li><li>samochod\u00f3w dostawczych,<\/li><li>samochod\u00f3w terenowych,<\/li><li>samochod\u00f3w osobowych,<\/li><li>autobus\u00f3w,<\/li><li>pojazd\u00f3w szynowych,<\/li><li>maszyn rolniczych,<\/li><li>wozide\u0142, urz\u0105dze\u0144 hutniczych i kopalnianych,<\/li><li>przemys\u0142u,<\/li><li>kompresor\u00f3w wydmuchu,<\/li><li>cystern,<\/li><li>koparek,<\/li><li>\u0142adowarek.<\/li><\/ul><p>Naprawiamy, przerabiamy i produkujemy wa\u0142y nap\u0119dowe ka\u017cdego typu.\u00a0<strong>\u015awiadczymy us\u0142ugi dla klient\u00f3w indywidualnych, producent\u00f3w nadwozi pojazd\u00f3w, serwis\u00f3w autoryzowanych oraz pogwarancyjnych.<\/strong>\u00a0Zapraszamy wszystkich klient\u00f3w z Gda\u0144ska, Gdyni, Sopotu &#8211; Tr\u00f3jmiasta, Pruszczu Gda\u0144skiego, Tczewa, Elbl\u0105g, Redy, Rumi, Starogardu Gda\u0144skiego i ca\u0142ego wojew\u00f3dztwa Pomorskiego.\u00a0<strong>Oferujemy najlepsze ceny w Polsce na napraw\u0119 wa\u0142\u00f3w nap\u0119dowych Cardana.<\/strong><\/p><p>\u00a0<\/p><p><strong>Najcz\u0119\u015bciej wykonujemy us\u0142ugi:<\/strong><\/p><p>Regeneracja wa\u0142u nap\u0119dowego MAN TGA,<\/p><p>Regeneracja wa\u0142u nap\u0119dowego MAN TGL,<\/p><p>Regeneracja wa\u0142u nap\u0119dowego MAN TGE,<\/p><p>Regeneracja wa\u0142u nap\u0119dowego MAN TGX,<\/p><p>Regeneracja wa\u0142u nap\u0119dowego IVECO,<\/p><p>Regeneracja wa\u0142u nap\u0119dowego SCANIA,<\/p><p>Regeneracja wa\u0142u nap\u0119dowego BOVA,<\/p><p>Regeneracja wa\u0142u nap\u0119dowego VOLVO,<\/p><p>Regeneracja wa\u0142u nap\u0119dowego JEEP,<\/p><p>Regeneracja wa\u0142u nap\u0119dowego NISSAN,<\/p><p>Regeneracja wa\u0142u nap\u0119dowego HONDA,<\/p><p>Regeneracja wa\u0142u nap\u0119dowego BMW,<\/p><p>Regeneracja wa\u0142u nap\u0119dowego MERCEDES A, C, E, S, G, GL, GLK, GLC, GLE, CLS, SLS, SLR, CL, SL, SLC, X.<\/p><p>Regeneracja wa\u0142u nap\u0119dowego MERCEDES VITO,<\/p><p>Regeneracja wa\u0142u nap\u0119dowego MERCEDES SPRINTER,<\/p><p>Regeneracja wa\u0142u nap\u0119dowego MERCEDES ACTROS,<\/p><p>Regeneracja wa\u0142u nap\u0119dowego MERCEDES ATEGO,<\/p><p>Regeneracja wa\u0142u nap\u0119dowego VW CRAFTER,<\/p><p>Regeneracja wa\u0142u nap\u0119dowego VW TIGUAN,<\/p><p>Regeneracja wa\u0142u nap\u0119dowego VW TOUAREG.<\/p><p>\u00a0<\/p><h2>P\u00f3\u0142osie skr\u0119tne.<\/h2><p>Poza wa\u0142ami nap\u0119dowymi zajmujemy si\u0119 r\u00f3wnie\u017c p\u00f3\u0142osiami skr\u0119tnymi. Oferujemy us\u0142ug\u0119 regeneracji przednich skr\u0119tnych p\u00f3\u0142osi nap\u0119dowych do pojazd\u00f3w ci\u0119\u017carowych i maszyn. Naprawiamy p\u00f3\u0142osie z przegubami dwukrzy\u017cakowymi oraz wersje z pojedy\u0144czym przegubem.<\/p><p>Naprawiamy p\u00f3\u0142osie nap\u0119dowe skr\u0119tne do:<\/p><ul><li>P\u00f3\u0142o\u015b MAN.<\/li><li>P\u00f3\u0142o\u015b Iveco.<\/li><li>P\u00f3\u0142o\u015b Mercedes<\/li><li>P\u00f3\u0142o\u015b Kramer.<\/li><li>P\u00f3\u0142o\u015b CAT.<\/li><li>P\u00f3\u0142o\u015b JCB.<\/li><li>P\u00f3\u0142o\u015b Unimog.<\/li><li>P\u00f3\u0142o\u015b Volvo.<\/li><li>P\u00f3\u0142o\u015b Liebherr<\/li><\/ul>\t\t\t\t\t\t\t\t<\/div>\n\t\t\t\t<\/div>\n\t\t\t\t<div class=\"elementor-element elementor-element-2cd8d9f elementor-widget elementor-widget-image\" data-id=\"2cd8d9f\" data-element_type=\"widget\" data-widget_type=\"image.default\">\n\t\t\t\t<div class=\"elementor-widget-container\">\n\t\t\t\t\t\t\t\t\t\t\t\t\t\t\t<img decoding=\"async\" width=\"800\" height=\"600\" src=\"https:\/\/regeneracjawalownapedowych.skydoo.com.pl\/wp-content\/uploads\/2024\/01\/polosie-z-przegubem-krzyzakowym-1-1024x768.jpg\" class=\"attachment-large size-large wp-image-215\" alt=\"\" srcset=\"https:\/\/regeneracjawalownapedowych.skydoo.com.pl\/wp-content\/uploads\/2024\/01\/polosie-z-przegubem-krzyzakowym-1-1024x768.jpg 1024w, https:\/\/regeneracjawalownapedowych.skydoo.com.pl\/wp-content\/uploads\/2024\/01\/polosie-z-przegubem-krzyzakowym-1-300x225.jpg 300w, https:\/\/regeneracjawalownapedowych.skydoo.com.pl\/wp-content\/uploads\/2024\/01\/polosie-z-przegubem-krzyzakowym-1-768x576.jpg 768w, https:\/\/regeneracjawalownapedowych.skydoo.com.pl\/wp-content\/uploads\/2024\/01\/polosie-z-przegubem-krzyzakowym-1-1536x1152.jpg 1536w, https:\/\/regeneracjawalownapedowych.skydoo.com.pl\/wp-content\/uploads\/2024\/01\/polosie-z-przegubem-krzyzakowym-1.jpg 1632w\" sizes=\"(max-width: 800px) 100vw, 800px\" \/>\t\t\t\t\t\t\t\t\t\t\t\t\t\t\t<\/div>\n\t\t\t\t<\/div>\n\t\t\t\t<div class=\"elementor-element elementor-element-f492ee9 table elementor-widget elementor-widget-text-editor\" data-id=\"f492ee9\" data-element_type=\"widget\" data-widget_type=\"text-editor.default\">\n\t\t\t\t<div class=\"elementor-widget-container\">\n\t\t\t\t\t\t\t\t\t<p>Naprawiamy p\u00f3\u0142osie do samochod\u00f3w ci\u0119\u017carowych:<\/p><table border=\"0\" cellspacing=\"0\"><tbody><tr><td>P\u00f3\u0142o\u015b Iveco 42103391<\/td><\/tr><tr><td>P\u00f3\u0142o\u015b Iveco 42103392<\/td><\/tr><tr><td>P\u00f3\u0142o\u015b Iveco 0.512.300.0243<\/td><\/tr><tr><td>P\u00f3\u0142o\u015b Iveco 0.512.300.0242<\/td><\/tr><tr><td>P\u00f3\u0142o\u015b Mercedes A4163301601<\/td><\/tr><tr><td>P\u00f3\u0142o\u015b Mercedes A4183301601<\/td><\/tr><tr><td>P\u00f3\u0142o\u015b Mercedes A4183301701<\/td><\/tr><tr><td>P\u00f3\u0142o\u015b Mercedes A3553300501<\/td><\/tr><tr><td>P\u00f3\u0142o\u015b Mercedes A3553300101<\/td><\/tr><tr><td>P\u00f3\u0142o\u015b Mercedes A4373301001<\/td><\/tr><tr><td>P\u00f3\u0142o\u015b Mercedes A6253302201<\/td><\/tr><tr><td>P\u00f3\u0142o\u015b Mercedes A6253300601<\/td><\/tr><tr><td>P\u00f3\u0142o\u015b Mercedes A6253302401<\/td><\/tr><tr><td>P\u00f3\u0142o\u015b Mercedes A6253305201<\/td><\/tr><tr><td>P\u00f3\u0142o\u015b Mercedes A6253305701<\/td><\/tr><tr><td>P\u00f3\u0142o\u015b Mercedes A6253305001<\/td><\/tr><tr><td>P\u00f3\u0142o\u015b Mercedes A6253305601<\/td><\/tr><tr><td>P\u00f3\u0142o\u015b Mercedes A6253307001<\/td><\/tr><tr><td>P\u00f3\u0142o\u015b Mercedes A6253307401<\/td><\/tr><tr><td>P\u00f3\u0142o\u015b Mercedes A6253309601<\/td><\/tr><tr><td>P\u00f3\u0142o\u015b Mercedes 0.512.300.0364<\/td><\/tr><tr><td>P\u00f3\u0142o\u015b Mercedes 0.512.300.0365<\/td><\/tr><tr><td>P\u00f3\u0142o\u015b MAN 81364026511<\/td><\/tr><tr><td>P\u00f3\u0142o\u015b MAN 81364026322<\/td><\/tr><tr><td>P\u00f3\u0142o\u015b MAN 81364026328<\/td><\/tr><tr><td>P\u00f3\u0142o\u015b MAN 81364026323<\/td><\/tr><tr><td>P\u00f3\u0142o\u015b MAN 81364026508<\/td><\/tr><tr><td>P\u00f3\u0142o\u015b MAN 81364026506<\/td><\/tr><tr><td>P\u00f3\u0142o\u015b MAN 81364026509<\/td><\/tr><tr><td>P\u00f3\u0142o\u015b MAN 0.512.300.0362<\/td><\/tr><tr><td>P\u00f3\u0142o\u015b MAN1272<\/td><\/tr><tr><td>P\u00f3\u0142o\u015b MAN1072<\/td><\/tr><tr><td>P\u00f3\u0142o\u015b MAN 0.512.300.0363<\/td><\/tr><tr><td>P\u00f3\u0142o\u015b MAN 81364026510<\/td><\/tr><\/tbody><\/table><p>\u00a0<\/p>\t\t\t\t\t\t\t\t<\/div>\n\t\t\t\t<\/div>\n\t\t\t\t<div class=\"elementor-element elementor-element-d3450a5 elementor-widget elementor-widget-image\" data-id=\"d3450a5\" data-element_type=\"widget\" data-widget_type=\"image.default\">\n\t\t\t\t<div class=\"elementor-widget-container\">\n\t\t\t\t\t\t\t\t\t\t\t\t\t\t\t<img decoding=\"async\" width=\"800\" height=\"148\" src=\"https:\/\/regeneracjawalownapedowych.skydoo.com.pl\/wp-content\/uploads\/2024\/01\/polos-skretna2.png\" class=\"attachment-large size-large wp-image-216\" alt=\"\" srcset=\"https:\/\/regeneracjawalownapedowych.skydoo.com.pl\/wp-content\/uploads\/2024\/01\/polos-skretna2.png 802w, https:\/\/regeneracjawalownapedowych.skydoo.com.pl\/wp-content\/uploads\/2024\/01\/polos-skretna2-300x55.png 300w, https:\/\/regeneracjawalownapedowych.skydoo.com.pl\/wp-content\/uploads\/2024\/01\/polos-skretna2-768x142.png 768w\" sizes=\"(max-width: 800px) 100vw, 800px\" \/>\t\t\t\t\t\t\t\t\t\t\t\t\t\t\t<\/div>\n\t\t\t\t<\/div>\n\t\t\t\t<div class=\"elementor-element elementor-element-bfcd39b table elementor-widget elementor-widget-text-editor\" data-id=\"bfcd39b\" data-element_type=\"widget\" data-widget_type=\"text-editor.default\">\n\t\t\t\t<div class=\"elementor-widget-container\">\n\t\t\t\t\t\t\t\t\t<p>Regenerujemy tak\u017ce p\u00f3\u0142osie nap\u0119dowe do maszyn budowlanych:<\/p><table border=\"0\" cellspacing=\"0\"><tbody><tr><td>Kosz przegubu 27 X 81.8<\/td><td>h=75mm<\/td><td>\u00a0<\/td><\/tr><tr><td>Kosz przegubu 30.2 X 80<\/td><td>h=70mm<\/td><td>914\/86203<\/td><\/tr><tr><td>Kosz przegubu 35 X 92<\/td><td>JCB, h=81mm<\/td><td>914\/86403<\/td><\/tr><tr><td>Kosz przegubu 38 X 107<\/td><td>h=71mm<\/td><td>1 512 280 0002<\/td><\/tr><tr><td>Kosz przegubu CASE 27 X 70<\/td><td>h=63mm<\/td><td>112006<\/td><\/tr><tr><td>Kosz przegubu JCB 30.2 X 81.8<\/td><td>h=70mm<\/td><td>914\/83304<\/td><\/tr><tr><td>P\u00f3\u0142o\u015b przednia d\u0142uga JCB 30.2 X 81.8<\/td><td>L=476mm, 29 frez\u00f3w, 3CX, 4CX<\/td><td>914\/80202<\/td><\/tr><tr><td>P\u00f3\u0142o\u015b przednia d\u0142uga JCB 30.2 X 81.8<\/td><td>L=511.5mm, 33 frezy, 3CX, 4CX<\/td><td>914\/86301<\/td><\/tr><tr><td>P\u00f3\u0142o\u015b przednia d\u0142uga JCB 30.2 X 81.8<\/td><td>L=926mm, 29 frez\u00f3w 3CX<\/td><td>914\/80101<\/td><\/tr><tr><td>P\u00f3\u0142o\u015b przednia d\u0142uga JCB 30.2 X 81.8<\/td><td>L=960.5mm, 33 frezy, 3CX, 3CXS, 4CX<\/td><td>914\/86204<\/td><\/tr><tr><td>P\u00f3\u0142o\u015b przednia d\u0142uga JCB 35 X 93.3<\/td><td>L=480.5mm, 33 frezy, 4CX,530,532,537,540<\/td><td>914\/84202<\/td><\/tr><tr><td>P\u00f3\u0142o\u015b przednia d\u0142uga JCB 35 X 93.3<\/td><td>L=495mm, 33 frezy<\/td><td>914\/84601<\/td><\/tr><tr><td>P\u00f3\u0142o\u015b przednia d\u0142uga JCB 35 X 93.3<\/td><td>L=730mm, 33 frezy 3CX SUPER, 4CX<\/td><td>914\/84301, 914\/86602<\/td><\/tr><tr><td>P\u00f3\u0142o\u015b przednia d\u0142uga JCB 35 X 93.3<\/td><td>L=965mm, 33 frezy, 4CX<\/td><td>914\/84501<\/td><\/tr><tr><td>P\u00f3\u0142o\u015b przednia kr\u00f3tka JCB 30.2 X 81.8<\/td><td>L=242mm, 33 frezy, 2CX, 3CX, 4CX<\/td><td>914\/88101<\/td><\/tr><tr><td>P\u00f3\u0142o\u015b przednia kr\u00f3tka JCB 35 X 93.3<\/td><td>L=241mm, 33 frezy, 4CX, 3CX SUPER<\/td><td>914\/89501<\/td><\/tr><tr><td>P\u00f3\u0142o\u015b przednia kr\u00f3tka JCB 35 X 93.3<\/td><td>L=293.5mm, 33 frezy<\/td><td>914\/87401<\/td><\/tr><tr><td>P\u00f3\u0142o\u015b tylna JCB wa\u0142ek p\u00f3\u0142osi<\/td><td>L=993mm, frezy 33-33, 3CX<\/td><td>914\/60103, 914\/60102, 450\/43191<\/td><\/tr><tr><td>P\u00f3\u0142o\u015b z przegubem dwukrzy\u017cakowym JCB<\/td><td>30.2 X 81.8, L=1240mm, 3CX<\/td><td>914\/87800<\/td><\/tr><tr><td>P\u00f3\u0142o\u015b z przegubem dwukrzy\u017cakowym JCB<\/td><td>30.2 X 81.8, L=1275mm, 3CX<\/td><td>914\/88100<\/td><\/tr><tr><td>P\u00f3\u0142o\u015b z przegubem dwukrzy\u017cakowym JCB<\/td><td>30.2 X 81.8, L=790mm, 3CX<\/td><td>914\/87900<\/td><\/tr><tr><td>P\u00f3\u0142o\u015b z przegubem dwukrzy\u017cakowym JCB<\/td><td>30.2 X 81.8, L=825mm, 3CX<\/td><td>914\/88200<\/td><\/tr><tr><td>P\u00f3\u0142o\u015b z przegubem dwukrzy\u017cakowym JCB<\/td><td>35 X 93.3, L=1050mm, 3CX SUPER, 4CX<\/td><td>914\/60109, 914\/89400, 914\/M0343<\/td><\/tr><\/tbody><\/table><p>\u00a0<\/p><p>Wa\u0142y nap\u0119dowe Elbl\u0105g. Wa\u0142y nap\u0119dowe Gdynia. Wa\u0142y nap\u0119dowe Gda\u0144sk. Wa\u0142y nap\u0119dowe Tczew &#8211; regeneracja wa\u0142\u00f3w.<\/p>\t\t\t\t\t\t\t\t<\/div>\n\t\t\t\t<\/div>\n\t\t\t\t<div class=\"elementor-element elementor-element-6c65b8f elementor-widget elementor-widget-image\" data-id=\"6c65b8f\" data-element_type=\"widget\" data-widget_type=\"image.default\">\n\t\t\t\t<div class=\"elementor-widget-container\">\n\t\t\t\t\t\t\t\t\t\t\t\t\t\t\t<img loading=\"lazy\" decoding=\"async\" width=\"800\" height=\"370\" src=\"https:\/\/regeneracjawalownapedowych.skydoo.com.pl\/wp-content\/uploads\/2024\/01\/regeneracja-walow-napedowych-kardana.jpg\" class=\"attachment-large size-large wp-image-217\" alt=\"\" srcset=\"https:\/\/regeneracjawalownapedowych.skydoo.com.pl\/wp-content\/uploads\/2024\/01\/regeneracja-walow-napedowych-kardana.jpg 826w, https:\/\/regeneracjawalownapedowych.skydoo.com.pl\/wp-content\/uploads\/2024\/01\/regeneracja-walow-napedowych-kardana-300x139.jpg 300w, https:\/\/regeneracjawalownapedowych.skydoo.com.pl\/wp-content\/uploads\/2024\/01\/regeneracja-walow-napedowych-kardana-768x355.jpg 768w\" sizes=\"(max-width: 800px) 100vw, 800px\" \/>\t\t\t\t\t\t\t\t\t\t\t\t\t\t\t<\/div>\n\t\t\t\t<\/div>\n\t\t\t\t\t<\/div>\n\t\t\t\t<\/div>\n\t\t<div class=\"elementor-element elementor-element-309822a e-flex e-con-boxed e-con e-parent\" data-id=\"309822a\" data-element_type=\"container\">\n\t\t\t\t\t<div class=\"e-con-inner\">\n\t\t\t\t<div class=\"elementor-element elementor-element-45bdc4b elementor-widget-divider--view-line elementor-widget elementor-widget-divider\" data-id=\"45bdc4b\" data-element_type=\"widget\" data-widget_type=\"divider.default\">\n\t\t\t\t<div class=\"elementor-widget-container\">\n\t\t\t\t\t\t\t<div class=\"elementor-divider\">\n\t\t\t<span class=\"elementor-divider-separator\">\n\t\t\t\t\t\t<\/span>\n\t\t<\/div>\n\t\t\t\t\t\t<\/div>\n\t\t\t\t<\/div>\n\t\t\t\t<div class=\"elementor-element elementor-element-917505c link elementor-widget elementor-widget-text-editor\" data-id=\"917505c\" data-element_type=\"widget\" data-widget_type=\"text-editor.default\">\n\t\t\t\t<div class=\"elementor-widget-container\">\n\t\t\t\t\t\t\t\t\t<div class=\"container\"><div class=\"container\"><div class=\"container\"><div class=\"container\"><div>Wa\u0142 nap\u0119dowe Gda\u0144sk, Gdynia, Sopot, Tr\u00f3jmiasto, Pruszcz Gda\u0144ski, Tczew, Elbl\u0105g, Reda, Starogard.<\/div><\/div><footer class=\"footer\"><div class=\"container\">\u00a0<\/div><\/footer><\/div><footer class=\"footer\"><div class=\"container\">\u00a0<\/div><\/footer><\/div><footer class=\"footer\"><div class=\"container\">\u00a0<\/div><\/footer><\/div><footer class=\"footer\"><div class=\"container\">\u00a0<\/div><\/footer>\t\t\t\t\t\t\t\t<\/div>\n\t\t\t\t<\/div>\n\t\t\t\t\t<\/div>\n\t\t\t\t<\/div>\n\t\t\t\t<\/div>\n\t\t","protected":false},"excerpt":{"rendered":"<p>Wa\u0142y nap\u0119dowe kardana (wa\u0142y Cardana) Gda\u0144sk &#8211; Gdynia &#8211; Sopot &#8211; Tr\u00f3jmiasto &#8211; Pruszcz Gda\u0144ski &#8211; Tczew &#8211; Elbl\u0105g &#8211; Reda &#8211; Starogard. MAN, IVECO, MERCEDES, KRAMER, CAT, JCB, UNIMOG, MULTICAR, RENAULT, LIEBHERR, TERBERG, VOLVO, SCANIA, DAF, MANITOU, XCMG, FORD, JEEP, NISSAN, CHRYSLER, JEEP i inne. Ju\u017c wkr\u00f3tce otwarcie naszego nowego oddzia\u0142u serwisu naprawy wa\u0142\u00f3w [&hellip;]<\/p>\n","protected":false},"author":1,"featured_media":0,"parent":0,"menu_order":0,"comment_status":"closed","ping_status":"closed","template":"elementor_header_footer","meta":{"footnotes":""},"class_list":["post-42","page","type-page","status-publish","hentry"],"_links":{"self":[{"href":"https:\/\/regeneracjawalownapedowych.skydoo.com.pl\/index.php?rest_route=\/wp\/v2\/pages\/42","targetHints":{"allow":["GET"]}}],"collection":[{"href":"https:\/\/regeneracjawalownapedowych.skydoo.com.pl\/index.php?rest_route=\/wp\/v2\/pages"}],"about":[{"href":"https:\/\/regeneracjawalownapedowych.skydoo.com.pl\/index.php?rest_route=\/wp\/v2\/types\/page"}],"author":[{"embeddable":true,"href":"https:\/\/regeneracjawalownapedowych.skydoo.com.pl\/index.php?rest_route=\/wp\/v2\/users\/1"}],"replies":[{"embeddable":true,"href":"https:\/\/regeneracjawalownapedowych.skydoo.com.pl\/index.php?rest_route=%2Fwp%2Fv2%2Fcomments&post=42"}],"version-history":[{"count":4,"href":"https:\/\/regeneracjawalownapedowych.skydoo.com.pl\/index.php?rest_route=\/wp\/v2\/pages\/42\/revisions"}],"predecessor-version":[{"id":220,"href":"https:\/\/regeneracjawalownapedowych.skydoo.com.pl\/index.php?rest_route=\/wp\/v2\/pages\/42\/revisions\/220"}],"wp:attachment":[{"href":"https:\/\/regeneracjawalownapedowych.skydoo.com.pl\/index.php?rest_route=%2Fwp%2Fv2%2Fmedia&parent=42"}],"curies":[{"name":"wp","href":"https:\/\/api.w.org\/{rel}","templated":true}]}}