{"id":36,"date":"2024-01-04T10:20:39","date_gmt":"2024-01-04T10:20:39","guid":{"rendered":"https:\/\/regeneracjawalownapedowych.skydoo.com.pl\/?page_id=36"},"modified":"2024-01-04T13:41:41","modified_gmt":"2024-01-04T13:41:41","slug":"czesci","status":"publish","type":"page","link":"https:\/\/regeneracjawalownapedowych.skydoo.com.pl\/?page_id=36","title":{"rendered":"Cz\u0119\u015bci"},"content":{"rendered":"\t\t<div data-elementor-type=\"wp-page\" data-elementor-id=\"36\" class=\"elementor elementor-36\" data-elementor-post-type=\"page\">\n\t\t\t\t<div class=\"elementor-element elementor-element-9b8fcdd e-flex e-con-boxed e-con e-parent\" data-id=\"9b8fcdd\" data-element_type=\"container\">\n\t\t\t\t\t<div class=\"e-con-inner\">\n\t\t\t\t<div class=\"elementor-element elementor-element-608a60e link elementor-widget elementor-widget-text-editor\" data-id=\"608a60e\" data-element_type=\"widget\" data-widget_type=\"text-editor.default\">\n\t\t\t\t<div class=\"elementor-widget-container\">\n\t\t\t\t\t\t\t\t\t<p><strong>Cz\u0119\u015bci do wa\u0142\u00f3w nap\u0119dowych. Podpory i krzy\u017caki wa\u0142\u00f3w Cardana.<\/strong><\/p><p><strong>Kontakt: 502-940-160 krzy\u017caki, podpory, przeguby.<\/strong><\/p>\t\t\t\t\t\t\t\t<\/div>\n\t\t\t\t<\/div>\n\t\t\t\t<div class=\"elementor-element elementor-element-120ed5f elementor-widget elementor-widget-image\" data-id=\"120ed5f\" data-element_type=\"widget\" data-widget_type=\"image.default\">\n\t\t\t\t<div class=\"elementor-widget-container\">\n\t\t\t\t\t\t\t\t\t\t\t\t\t\t\t<img fetchpriority=\"high\" decoding=\"async\" width=\"788\" height=\"472\" src=\"https:\/\/regeneracjawalownapedowych.skydoo.com.pl\/wp-content\/uploads\/2024\/01\/regeneracja.jpg\" class=\"attachment-large size-large wp-image-184\" alt=\"\" srcset=\"https:\/\/regeneracjawalownapedowych.skydoo.com.pl\/wp-content\/uploads\/2024\/01\/regeneracja.jpg 788w, https:\/\/regeneracjawalownapedowych.skydoo.com.pl\/wp-content\/uploads\/2024\/01\/regeneracja-300x180.jpg 300w, https:\/\/regeneracjawalownapedowych.skydoo.com.pl\/wp-content\/uploads\/2024\/01\/regeneracja-768x460.jpg 768w\" sizes=\"(max-width: 788px) 100vw, 788px\" \/>\t\t\t\t\t\t\t\t\t\t\t\t\t\t\t<\/div>\n\t\t\t\t<\/div>\n\t\t\t\t<div class=\"elementor-element elementor-element-b5104c4 link elementor-widget elementor-widget-text-editor\" data-id=\"b5104c4\" data-element_type=\"widget\" data-widget_type=\"text-editor.default\">\n\t\t\t\t<div class=\"elementor-widget-container\">\n\t\t\t\t\t\t\t\t\t<p>Firma\u00a0<strong>VIP Auto Serwis<\/strong>\u00a0posiada bogat\u0105 ofert\u0119 cz\u0119\u015bci element\u00f3w wa\u0142\u00f3w nap\u0119dowych do aut osobowych, dostawczych, terenowych, ci\u0119\u017carowych i maszyn. Naszym klientom mo\u017cemy zaproponowa\u0107 cz\u0119\u015bci oryginalne lub ta\u0144sze zamienniki. Elementy wa\u0142\u00f3w nap\u0119dowych sprzedajemy wy\u0142\u0105cznie wraz z us\u0142ug\u0105 ich monta\u017cu na dostarczonym wale. Oferujemy wszystkie typy krzy\u017cak\u00f3w i podp\u00f3r do wa\u0142\u00f3w kardana z mo\u017cliwo\u015bci\u0105 ich monta\u017cu w naszym serwisie.\u00a0<strong>Tak jak wywa\u017camy ko\u0142o po wymianie opony tak samo bardzo wa\u017cne jest aby po wymianie krzy\u017caka lub podpory wa\u0142 zosta\u0142 wywa\u017cony.\u00a0<\/strong>Brak wywa\u017cenia wa\u0142u skutkuje bardzo szybkim zu\u017cyciem nowych cz\u0119\u015bci.<\/p>\t\t\t\t\t\t\t\t<\/div>\n\t\t\t\t<\/div>\n\t\t\t\t<div class=\"elementor-element elementor-element-62805ce elementor-widget elementor-widget-heading\" data-id=\"62805ce\" data-element_type=\"widget\" data-widget_type=\"heading.default\">\n\t\t\t\t<div class=\"elementor-widget-container\">\n\t\t\t\t\t<h2 class=\"elementor-heading-title elementor-size-default\">PODPORY WA\u0141\u00d3W NAP\u0118DOWYCH\n<\/h2>\t\t\t\t<\/div>\n\t\t\t\t<\/div>\n\t\t\t\t<div class=\"elementor-element elementor-element-d03e92b elementor-widget elementor-widget-image\" data-id=\"d03e92b\" data-element_type=\"widget\" data-widget_type=\"image.default\">\n\t\t\t\t<div class=\"elementor-widget-container\">\n\t\t\t\t\t\t\t\t\t\t\t\t\t\t\t<img decoding=\"async\" width=\"487\" height=\"306\" src=\"https:\/\/regeneracjawalownapedowych.skydoo.com.pl\/wp-content\/uploads\/2024\/01\/podpory-walu.jpg\" class=\"attachment-large size-large wp-image-185\" alt=\"\" srcset=\"https:\/\/regeneracjawalownapedowych.skydoo.com.pl\/wp-content\/uploads\/2024\/01\/podpory-walu.jpg 487w, https:\/\/regeneracjawalownapedowych.skydoo.com.pl\/wp-content\/uploads\/2024\/01\/podpory-walu-300x189.jpg 300w\" sizes=\"(max-width: 487px) 100vw, 487px\" \/>\t\t\t\t\t\t\t\t\t\t\t\t\t\t\t<\/div>\n\t\t\t\t<\/div>\n\t\t\t\t<div class=\"elementor-element elementor-element-4224348 link elementor-widget elementor-widget-text-editor\" data-id=\"4224348\" data-element_type=\"widget\" data-widget_type=\"text-editor.default\">\n\t\t\t\t<div class=\"elementor-widget-container\">\n\t\t\t\t\t\t\t\t\t<p>Oferujemy sprzeda\u017c i wymian\u0119 podp\u00f3r wa\u0142\u00f3w nap\u0119dowych. W ofercie posiadamy bogat\u0105 ofert\u0119 podp\u00f3r do samochod\u00f3w osobowych, ci\u0119\u017carowych, dostawczych, terenowych oraz SUV.<\/p>\t\t\t\t\t\t\t\t<\/div>\n\t\t\t\t<\/div>\n\t\t\t\t<div class=\"elementor-element elementor-element-8935a8b elementor-widget elementor-widget-heading\" data-id=\"8935a8b\" data-element_type=\"widget\" data-widget_type=\"heading.default\">\n\t\t\t\t<div class=\"elementor-widget-container\">\n\t\t\t\t\t<h2 class=\"elementor-heading-title elementor-size-default\">KRZY\u017bAKI WA\u0141\u00d3W NAP\u0118DOWYCH\n<\/h2>\t\t\t\t<\/div>\n\t\t\t\t<\/div>\n\t\t\t\t<div class=\"elementor-element elementor-element-0e6baea link elementor-widget elementor-widget-text-editor\" data-id=\"0e6baea\" data-element_type=\"widget\" data-widget_type=\"text-editor.default\">\n\t\t\t\t<div class=\"elementor-widget-container\">\n\t\t\t\t\t\t\t\t\t<p>Posiadamy r\u00f3wnie\u017c szeroki wyb\u00f3r krzy\u017cak\u00f3w wa\u0142\u00f3w nap\u0119dowych do samochod\u00f3w ci\u0119\u017carowych, dostawczych i osobowych, maszyn. Oferujemy krzy\u017caki do wa\u0142\u00f3w nap\u0119dowych, krzy\u017caki do uk\u0142adu kierowniczego i krzy\u017caki p\u00f3\u0142osi.<\/p>\t\t\t\t\t\t\t\t<\/div>\n\t\t\t\t<\/div>\n\t\t\t\t<div class=\"elementor-element elementor-element-a77919b elementor-widget elementor-widget-image\" data-id=\"a77919b\" data-element_type=\"widget\" data-widget_type=\"image.default\">\n\t\t\t\t<div class=\"elementor-widget-container\">\n\t\t\t\t\t\t\t\t\t\t\t\t\t\t\t<img decoding=\"async\" width=\"554\" height=\"416\" src=\"https:\/\/regeneracjawalownapedowych.skydoo.com.pl\/wp-content\/uploads\/2024\/01\/krzyzaki.jpg\" class=\"attachment-large size-large wp-image-186\" alt=\"\" srcset=\"https:\/\/regeneracjawalownapedowych.skydoo.com.pl\/wp-content\/uploads\/2024\/01\/krzyzaki.jpg 554w, https:\/\/regeneracjawalownapedowych.skydoo.com.pl\/wp-content\/uploads\/2024\/01\/krzyzaki-300x225.jpg 300w\" sizes=\"(max-width: 554px) 100vw, 554px\" \/>\t\t\t\t\t\t\t\t\t\t\t\t\t\t\t<\/div>\n\t\t\t\t<\/div>\n\t\t\t\t<div class=\"elementor-element elementor-element-1ebed38 link elementor-widget elementor-widget-text-editor\" data-id=\"1ebed38\" data-element_type=\"widget\" data-widget_type=\"text-editor.default\">\n\t\t\t\t<div class=\"elementor-widget-container\">\n\t\t\t\t\t\t\t\t\t<p><strong>W ofercie mamy bardzo du\u017cy wyb\u00f3r krzy\u017cak\u00f3w mechanicznych (ze skrzyd\u0142ami).<\/strong>\u00a0Oferujemy krzy\u017caki do maszyn JCB, Komatsu, Kramer, Caterpillar, Case, Atlas, Bobcat, Bomag, Fadroma, HSW, Liebherr, O&amp;K, Porshe, Volvo, Weber, Zeppelin, XCMG. Oferujemy wszystkie wymiary 2C 4HWD, 3C 4HWD, 4C 4HWD, 5C 4HWD, 6C 4HWD, 7C 4HWD, 8C 4HWD, 9C 4HWD, 10C 4HWD.<\/p>\t\t\t\t\t\t\t\t<\/div>\n\t\t\t\t<\/div>\n\t\t\t\t<div class=\"elementor-element elementor-element-4744427 elementor-widget elementor-widget-image\" data-id=\"4744427\" data-element_type=\"widget\" data-widget_type=\"image.default\">\n\t\t\t\t<div class=\"elementor-widget-container\">\n\t\t\t\t\t\t\t\t\t\t\t\t\t\t\t<img loading=\"lazy\" decoding=\"async\" width=\"617\" height=\"420\" src=\"https:\/\/regeneracjawalownapedowych.skydoo.com.pl\/wp-content\/uploads\/2024\/01\/krzyzaki-typu-mechanics.jpg\" class=\"attachment-large size-large wp-image-187\" alt=\"\" srcset=\"https:\/\/regeneracjawalownapedowych.skydoo.com.pl\/wp-content\/uploads\/2024\/01\/krzyzaki-typu-mechanics.jpg 617w, https:\/\/regeneracjawalownapedowych.skydoo.com.pl\/wp-content\/uploads\/2024\/01\/krzyzaki-typu-mechanics-300x204.jpg 300w\" sizes=\"(max-width: 617px) 100vw, 617px\" \/>\t\t\t\t\t\t\t\t\t\t\t\t\t\t\t<\/div>\n\t\t\t\t<\/div>\n\t\t\t\t<div class=\"elementor-element elementor-element-a2a8513 elementor-widget elementor-widget-image\" data-id=\"a2a8513\" data-element_type=\"widget\" data-widget_type=\"image.default\">\n\t\t\t\t<div class=\"elementor-widget-container\">\n\t\t\t\t\t\t\t\t\t\t\t\t\t\t\t<img loading=\"lazy\" decoding=\"async\" width=\"800\" height=\"600\" src=\"https:\/\/regeneracjawalownapedowych.skydoo.com.pl\/wp-content\/uploads\/2024\/01\/polosie-z-przegubem-krzyzakowym-1024x768.jpg\" class=\"attachment-large size-large wp-image-188\" alt=\"\" srcset=\"https:\/\/regeneracjawalownapedowych.skydoo.com.pl\/wp-content\/uploads\/2024\/01\/polosie-z-przegubem-krzyzakowym-1024x768.jpg 1024w, https:\/\/regeneracjawalownapedowych.skydoo.com.pl\/wp-content\/uploads\/2024\/01\/polosie-z-przegubem-krzyzakowym-300x225.jpg 300w, https:\/\/regeneracjawalownapedowych.skydoo.com.pl\/wp-content\/uploads\/2024\/01\/polosie-z-przegubem-krzyzakowym-768x576.jpg 768w, https:\/\/regeneracjawalownapedowych.skydoo.com.pl\/wp-content\/uploads\/2024\/01\/polosie-z-przegubem-krzyzakowym-1536x1152.jpg 1536w, https:\/\/regeneracjawalownapedowych.skydoo.com.pl\/wp-content\/uploads\/2024\/01\/polosie-z-przegubem-krzyzakowym.jpg 1632w\" sizes=\"(max-width: 800px) 100vw, 800px\" \/>\t\t\t\t\t\t\t\t\t\t\t\t\t\t\t<\/div>\n\t\t\t\t<\/div>\n\t\t\t\t<div class=\"elementor-element elementor-element-55c028f table elementor-widget elementor-widget-text-editor\" data-id=\"55c028f\" data-element_type=\"widget\" data-widget_type=\"text-editor.default\">\n\t\t\t\t<div class=\"elementor-widget-container\">\n\t\t\t\t\t\t\t\t\t<p>Naszym klientom mo\u017cemy zaproponowa\u0107 najwi\u0119ksz\u0105 w Polsce ofert\u0119 nowych skr\u0119tnych p\u00f3\u0142osi nap\u0119dowych do maszyn i samochod\u00f3w ci\u0119\u017carowych. Cz\u0119\u015bci, kt\u00f3re oferujemy s\u0105 bardzo wysokiej jako\u015bci i obj\u0119te s\u0105 dwuletni\u0105 gwarancj\u0105.\u00a0<\/p><p><strong>Naprawiamy oraz sprzedajemy p\u00f3\u0142osie do samochod\u00f3w ci\u0119\u017carowych i maszyn budowlanych. Aby wyceni\u0107 koszt nowej p\u00f3\u0142osi niezb\u0119dny jest numer OE.<\/strong><\/p><table border=\"0\" cellspacing=\"0\"><tbody><tr><td>P\u00f3\u0142o\u015b Iveco 42103391<\/td><\/tr><tr><td>P\u00f3\u0142o\u015b Iveco 42103392<\/td><\/tr><tr><td>P\u00f3\u0142o\u015b Iveco 0.512.300.0243<\/td><\/tr><tr><td>P\u00f3\u0142o\u015b Iveco 0.512.300.0242<\/td><\/tr><tr><td>P\u00f3\u0142o\u015b Mercedes A4163301601<\/td><\/tr><tr><td>P\u00f3\u0142o\u015b Mercedes A4183301601<\/td><\/tr><tr><td>P\u00f3\u0142o\u015b Mercedes A4183301701<\/td><\/tr><tr><td>P\u00f3\u0142o\u015b Mercedes A3553300501<\/td><\/tr><tr><td>P\u00f3\u0142o\u015b Mercedes A3553300101<\/td><\/tr><tr><td>P\u00f3\u0142o\u015b Mercedes A4373301001<\/td><\/tr><tr><td>P\u00f3\u0142o\u015b Mercedes A6253302201<\/td><\/tr><tr><td>P\u00f3\u0142o\u015b Mercedes A6253300601<\/td><\/tr><tr><td>P\u00f3\u0142o\u015b Mercedes A6253302401<\/td><\/tr><tr><td>P\u00f3\u0142o\u015b Mercedes A6253305201<\/td><\/tr><tr><td>P\u00f3\u0142o\u015b Mercedes A6253305701<\/td><\/tr><tr><td>P\u00f3\u0142o\u015b Mercedes A6253305001<\/td><\/tr><tr><td>P\u00f3\u0142o\u015b Mercedes A6253305601<\/td><\/tr><tr><td>P\u00f3\u0142o\u015b Mercedes A6253307001<\/td><\/tr><tr><td>P\u00f3\u0142o\u015b Mercedes A6253307401<\/td><\/tr><tr><td>P\u00f3\u0142o\u015b Mercedes A6253309601<\/td><\/tr><tr><td>P\u00f3\u0142o\u015b Mercedes 0.512.300.0364<\/td><\/tr><tr><td>P\u00f3\u0142o\u015b Mercedes 0.512.300.0365<\/td><\/tr><tr><td>P\u00f3\u0142o\u015b MAN 81364026511<\/td><\/tr><tr><td>P\u00f3\u0142o\u015b MAN 81364026322<\/td><\/tr><tr><td>P\u00f3\u0142o\u015b MAN 81364026328<\/td><\/tr><tr><td>P\u00f3\u0142o\u015b MAN 81364026323<\/td><\/tr><tr><td>P\u00f3\u0142o\u015b MAN 81364026508<\/td><\/tr><tr><td>P\u00f3\u0142o\u015b MAN 81364026506<\/td><\/tr><tr><td>P\u00f3\u0142o\u015b MAN 81364026509<\/td><\/tr><tr><td>P\u00f3\u0142o\u015b MAN 0.512.300.0362<\/td><\/tr><tr><td>P\u00f3\u0142o\u015b MAN1272<\/td><\/tr><tr><td>P\u00f3\u0142o\u015b MAN1072<\/td><\/tr><tr><td>P\u00f3\u0142o\u015b MAN 0.512.300.0363<\/td><\/tr><tr><td>P\u00f3\u0142o\u015b MAN 81364026510<\/td><\/tr><\/tbody><\/table>\t\t\t\t\t\t\t\t<\/div>\n\t\t\t\t<\/div>\n\t\t\t\t<div class=\"elementor-element elementor-element-02ba5da elementor-widget elementor-widget-heading\" data-id=\"02ba5da\" data-element_type=\"widget\" data-widget_type=\"heading.default\">\n\t\t\t\t<div class=\"elementor-widget-container\">\n\t\t\t\t\t<h2 class=\"elementor-heading-title elementor-size-default\">P\u00f3\u0142osie nap\u0119dowe do maszyn budowlanych:\n<\/h2>\t\t\t\t<\/div>\n\t\t\t\t<\/div>\n\t\t\t\t<div class=\"elementor-element elementor-element-aacfe9d table elementor-widget elementor-widget-text-editor\" data-id=\"aacfe9d\" data-element_type=\"widget\" data-widget_type=\"text-editor.default\">\n\t\t\t\t<div class=\"elementor-widget-container\">\n\t\t\t\t\t\t\t\t\t<table border=\"0\" cellspacing=\"0\"><tbody><tr><td>Kosz przegubu 27 X 81.8<\/td><td>h=75mm<\/td><td>\u00a0<\/td><\/tr><tr><td>Kosz przegubu 30.2 X 80<\/td><td>h=70mm<\/td><td>914\/86203<\/td><\/tr><tr><td>Kosz przegubu 35 X 92<\/td><td>JCB, h=81mm<\/td><td>914\/86403<\/td><\/tr><tr><td>Kosz przegubu 38 X 107<\/td><td>h=71mm<\/td><td>1 512 280 0002<\/td><\/tr><tr><td>Kosz przegubu CASE 27 X 70<\/td><td>h=63mm<\/td><td>112006<\/td><\/tr><tr><td>Kosz przegubu JCB 30.2 X 81.8<\/td><td>h=70mm<\/td><td>914\/83304<\/td><\/tr><tr><td>P\u00f3\u0142o\u015b przednia d\u0142uga JCB 30.2 X 81.8<\/td><td>L=476mm, 29 frez\u00f3w, 3CX, 4CX<\/td><td>914\/80202<\/td><\/tr><tr><td>P\u00f3\u0142o\u015b przednia d\u0142uga JCB 30.2 X 81.8<\/td><td>L=511.5mm, 33 frezy, 3CX, 4CX<\/td><td>914\/86301<\/td><\/tr><tr><td>P\u00f3\u0142o\u015b przednia d\u0142uga JCB 30.2 X 81.8<\/td><td>L=926mm, 29 frez\u00f3w 3CX<\/td><td>914\/80101<\/td><\/tr><tr><td>P\u00f3\u0142o\u015b przednia d\u0142uga JCB 30.2 X 81.8<\/td><td>L=960.5mm, 33 frezy, 3CX, 3CXS, 4CX<\/td><td>914\/86204<\/td><\/tr><tr><td>P\u00f3\u0142o\u015b przednia d\u0142uga JCB 35 X 93.3<\/td><td>L=480.5mm, 33 frezy, 4CX,530,532,537,540<\/td><td>914\/84202<\/td><\/tr><tr><td>P\u00f3\u0142o\u015b przednia d\u0142uga JCB 35 X 93.3<\/td><td>L=495mm, 33 frezy<\/td><td>914\/84601<\/td><\/tr><tr><td>P\u00f3\u0142o\u015b przednia d\u0142uga JCB 35 X 93.3<\/td><td>L=730mm, 33 frezy 3CX SUPER, 4CX<\/td><td>914\/84301, 914\/86602<\/td><\/tr><tr><td>P\u00f3\u0142o\u015b przednia d\u0142uga JCB 35 X 93.3<\/td><td>L=965mm, 33 frezy, 4CX<\/td><td>914\/84501<\/td><\/tr><tr><td>P\u00f3\u0142o\u015b przednia kr\u00f3tka JCB 30.2 X 81.8<\/td><td>L=242mm, 33 frezy, 2CX, 3CX, 4CX<\/td><td>914\/88101<\/td><\/tr><tr><td>P\u00f3\u0142o\u015b przednia kr\u00f3tka JCB 35 X 93.3<\/td><td>L=241mm, 33 frezy, 4CX, 3CX SUPER<\/td><td>914\/89501<\/td><\/tr><tr><td>P\u00f3\u0142o\u015b przednia kr\u00f3tka JCB 35 X 93.3<\/td><td>L=293.5mm, 33 frezy<\/td><td>914\/87401<\/td><\/tr><tr><td>P\u00f3\u0142o\u015b tylna JCB wa\u0142ek p\u00f3\u0142osi<\/td><td>L=993mm, frezy 33-33, 3CX<\/td><td>914\/60103, 914\/60102, 450\/43191<\/td><\/tr><tr><td>P\u00f3\u0142o\u015b z przegubem dwukrzy\u017cakowym JCB<\/td><td>30.2 X 81.8, L=1240mm, 3CX<\/td><td>914\/87800<\/td><\/tr><tr><td>P\u00f3\u0142o\u015b z przegubem dwukrzy\u017cakowym JCB<\/td><td>30.2 X 81.8, L=1275mm, 3CX<\/td><td>914\/88100<\/td><\/tr><tr><td>P\u00f3\u0142o\u015b z przegubem dwukrzy\u017cakowym JCB<\/td><td>30.2 X 81.8, L=790mm, 3CX<\/td><td>914\/87900<\/td><\/tr><tr><td>P\u00f3\u0142o\u015b z przegubem dwukrzy\u017cakowym JCB<\/td><td>30.2 X 81.8, L=825mm, 3CX<\/td><td>914\/88200<\/td><\/tr><tr><td>P\u00f3\u0142o\u015b z przegubem dwukrzy\u017cakowym JCB<\/td><td>35 X 93.3, L=1050mm, 3CX SUPER, 4CX<\/td><td>914\/60109, 914\/89400, 914\/M0343<\/td><\/tr><\/tbody><\/table><p><br \/><br \/><\/p>\t\t\t\t\t\t\t\t<\/div>\n\t\t\t\t<\/div>\n\t\t\t\t<div class=\"elementor-element elementor-element-b479f9d link elementor-widget elementor-widget-text-editor\" data-id=\"b479f9d\" data-element_type=\"widget\" data-widget_type=\"text-editor.default\">\n\t\t\t\t<div class=\"elementor-widget-container\">\n\t\t\t\t\t\t\t\t\t<p><strong>UWAGA &#8211; nie wszystkie p\u00f3\u0142osie nap\u0119dowe z poni\u017cszej listy s\u0105 dost\u0119pne &#8222;od r\u0119ki&#8221;. Dost\u0119pno\u015b\u0107 potwierdzamy telefonicznie lub mailowo.<\/strong><span class=\"marker\"><strong>\u00a0Aby wyceni\u0107 koszt nowej p\u00f3\u0142osi niezb\u0119dny jest numer OE.<\/strong><\/span><\/p><p>\u00a0<\/p><p><strong>Obs\u0142ugujemy wszystkie typy p\u00f3\u0142osi nap\u0119dowych z krzy\u017cakami m.in.:<\/strong><\/p><p>81.36402-6520, 81364026520, 81.36402-6535, 81364026535, 81364026508, 81.36402-6508, 81364026508, 81.36402-6508, 81364026508, 082016<\/p><p>81364026506, 81.36402-6519, 81364026519, 81.36402-6507, 81364026507, 81.36402-6532, 81364026532, 81.36402-6506, 81364026506, 81.36402-6534, 81364026534, 81.36402-6518, 81364026518, 81.36402-6506, 81364026506, 082015<\/p><p>A6253307301, 6253307301, A6253309601, 6253309601, A6253307001, 6253307001, A6253309601, 6253309601, 082012<\/p><p>A6253307201, 6253307201, A625330720180, 625330720180, A6253307401, 6253307401, 082011<\/p><p>07102598831, A6253303401, 6253303401, A6253301001, 6253301001, A3553301901, 3553301901, A3553302101, 3553302101, A6253303501, 6253303501, A6253301101, 6253301101, 71705132, A6253305701, 6253305701, A6253305701, 6253305701, A6253305801, 6253305801, 082006<\/p><p>A6253300401, 6253300401, A6253303801, 6253303801, A3553301801, 3553301801, A6253303301, 6253303301, A6253300901, 6253300901, 71705133, A6253301401, 6253301401, A6253306101, 6253306101, 071041, 05123005004, A6253305601, 6253305601, A6253305601, 6253305601, 082005<\/p><p>81.36402-6230, 81364026230, 81.36402-6374, 81364026374, 81.36402-6096, 81364026096, 07102596446, 071039, A3553300501, 3553300501, A6253303101, 6253303101, A6253302401, 6253302401, A6993300101, 6993300101, 05200EW1092AA1, 81.36402-6132, 81364026132, 81.36402-6331, 81364026331, 81.36402-6225, 81364026225, 81.36402-6370, 81364026370, 81.36402-6376, 81364026376, 81.36402-6223, 81364026223, 81.36402-6367, 81364026367, 81.36402-6094, 81364026094, 81.36402-6053, 81364026053, 81.36402-6092, 81364026092, A6253305201, 6253305201, 81.36402-6325, 81364026325, A6253305101, 6253305101, A6253305201, 6253305201, 082004<\/p><p>81.36402-6091, 81364026091, 07102596447, A6253305001, 6253305001, 071038, A3553300101, 3553300101, A6253302201, 6253302201, 71705129, A6993300001, 6993300001, A6253305001, 6253305001, A3463309601, 3463309601, 81.36402-6095, 81364026095, 81.36402-6231, 81364026231, 81.36402-6366, 81364026366, 81.36402-6324, 81364026324, 81.36402-6093, 81364026093, 81.36402-6222, 81364026222, 81.36402-6052, 81364026052, 81.36402-6373, 81364026373, 81.36402-6256, 81364026256, 81.36402-6332, 81364026332, 082003<\/p><p>07102509665, 81.36402-6066, 81364026066, 81.36402-6110, 81364026110, 81.36402-6228, 81364026228, 071000, 071043, A3463308501, 3463308501, 81.36402-6076, 81364026076, 81.36402-6079, 81364026079, 81.36402-6238, 81364026238, 81.36402-6211, 81364026211, 81.36402-6152, 81364026152, 81.36402-6217, 81364026217, 81.36402-6236, 81364026236, 71705130, 05200EW1092001, 81.36402-6352, 81364026352, 81.36402-6380, 81364026380, 81.36402-6386, 81364026386, 81.36402-6215, 81364026215, 81.36402-6358, 81364026358, 81.36402-6322, 81364026322, 81.36402-6328, 81364026328, 81.36402-6354, 81364026354, 81.36402-6381, 81364026381, 81.36402-9328, 81364029328, A3463305601, 3463305601, A3553300201, 3553300201, 082002<\/p><p>07102509666, 81.36402-6039, 81364026039, 81.36402-6111, 81364026111, 81.36402-6229, 81364026229, 071001, A3463308001, 3463308001, 81.36402-6214, 81364026214, 81.36402-6210, 81364026210, 81.36402-6075, 81364026075, 81.36402-6080, 81364026080, 81.36402-6156, 81364026156, 81.36402-6239, 81364026239, 71705128, 05200EW125200, 81.36402-6351, 81364026351, 81.36402-6323, 81364026323, 071042, 81.36402-6329, 81364026329, 082001<\/p><p>Skr\u0119tna p\u00f3\u0142o\u015b nap\u0119dowa. P\u00f3\u0142o\u015b MAN. P\u00f3\u0142o\u015b Mercedes. P\u00f3\u0142o\u015b Unimog. P\u00f3\u0142o\u015b Kramer. P\u00f3\u0142o\u015b Iveco. P\u00f3\u0142o\u015b Renault. P\u00f3\u0142o\u015b Atlas. P\u00f3\u0142o\u015b Hanomag. P\u00f3\u0142o\u015b Case. P\u00f3\u0142o\u015b Liebherr. P\u00f3\u0142o\u015b Zeppelin. P\u00f3\u0142o\u015b przegub Atlas 03721000410.<\/p><p>\u00a0<\/p><p>\u00a0<\/p><p><strong>Zgodnie z \u017cyczeniem klienta us\u0142ugi wykonujemy na cz\u0119\u015bciach oryginalnych lub ta\u0144szych zamiennikach. Wszystkie cz\u0119\u015bci, kt\u00f3re oferujemy obj\u0119te s\u0105 gwarancj\u0105 producenta.<\/strong><\/p><p>\u00a0<\/p>\t\t\t\t\t\t\t\t<\/div>\n\t\t\t\t<\/div>\n\t\t\t\t<div class=\"elementor-element elementor-element-e6fb81c elementor-widget elementor-widget-image\" data-id=\"e6fb81c\" data-element_type=\"widget\" data-widget_type=\"image.default\">\n\t\t\t\t<div class=\"elementor-widget-container\">\n\t\t\t\t\t\t\t\t\t\t\t\t\t\t\t<img loading=\"lazy\" decoding=\"async\" width=\"800\" height=\"533\" src=\"https:\/\/regeneracjawalownapedowych.skydoo.com.pl\/wp-content\/uploads\/2024\/01\/spicer-1-1024x682.png\" class=\"attachment-large size-large wp-image-189\" alt=\"\" srcset=\"https:\/\/regeneracjawalownapedowych.skydoo.com.pl\/wp-content\/uploads\/2024\/01\/spicer-1-1024x682.png 1024w, https:\/\/regeneracjawalownapedowych.skydoo.com.pl\/wp-content\/uploads\/2024\/01\/spicer-1-300x200.png 300w, https:\/\/regeneracjawalownapedowych.skydoo.com.pl\/wp-content\/uploads\/2024\/01\/spicer-1-768x511.png 768w, https:\/\/regeneracjawalownapedowych.skydoo.com.pl\/wp-content\/uploads\/2024\/01\/spicer-1-1536x1022.png 1536w, https:\/\/regeneracjawalownapedowych.skydoo.com.pl\/wp-content\/uploads\/2024\/01\/spicer-1.png 1764w\" sizes=\"(max-width: 800px) 100vw, 800px\" \/>\t\t\t\t\t\t\t\t\t\t\t\t\t\t\t<\/div>\n\t\t\t\t<\/div>\n\t\t\t\t\t<\/div>\n\t\t\t\t<\/div>\n\t\t<div class=\"elementor-element elementor-element-54b80f4 e-flex e-con-boxed e-con e-parent\" data-id=\"54b80f4\" data-element_type=\"container\">\n\t\t\t\t\t<div class=\"e-con-inner\">\n\t\t\t\t<div class=\"elementor-element elementor-element-fed67ff elementor-widget-divider--view-line elementor-widget elementor-widget-divider\" data-id=\"fed67ff\" data-element_type=\"widget\" data-widget_type=\"divider.default\">\n\t\t\t\t<div class=\"elementor-widget-container\">\n\t\t\t\t\t\t\t<div class=\"elementor-divider\">\n\t\t\t<span class=\"elementor-divider-separator\">\n\t\t\t\t\t\t<\/span>\n\t\t<\/div>\n\t\t\t\t\t\t<\/div>\n\t\t\t\t<\/div>\n\t\t\t\t<div class=\"elementor-element elementor-element-0e25cd4 link elementor-widget elementor-widget-text-editor\" data-id=\"0e25cd4\" data-element_type=\"widget\" data-widget_type=\"text-editor.default\">\n\t\t\t\t<div class=\"elementor-widget-container\">\n\t\t\t\t\t\t\t\t\t<div class=\"container\"><div class=\"container\"><div class=\"container\"><div>Cz\u0119\u015bci do wa\u0142\u00f3w nap\u0119dowych. Krzy\u017caki wa\u0142\u00f3w nap\u0119dowych, Krzy\u017caki kardana. Podpora wa\u0142u nap\u0119dowego. Krzy\u017caki mechanix, krzy\u017caki mechanics.<\/div><\/div><footer class=\"footer\"><div class=\"container\">\u00a0<\/div><\/footer><\/div><footer class=\"footer\"><div class=\"container\">\u00a0<\/div><\/footer><\/div><footer class=\"footer\"><div class=\"container\">\u00a0<\/div><\/footer>\t\t\t\t\t\t\t\t<\/div>\n\t\t\t\t<\/div>\n\t\t\t\t\t<\/div>\n\t\t\t\t<\/div>\n\t\t\t\t<\/div>\n\t\t","protected":false},"excerpt":{"rendered":"<p>Cz\u0119\u015bci do wa\u0142\u00f3w nap\u0119dowych. Podpory i krzy\u017caki wa\u0142\u00f3w Cardana. Kontakt: 502-940-160 krzy\u017caki, podpory, przeguby. Firma\u00a0VIP Auto Serwis\u00a0posiada bogat\u0105 ofert\u0119 cz\u0119\u015bci element\u00f3w wa\u0142\u00f3w nap\u0119dowych do aut osobowych, dostawczych, terenowych, ci\u0119\u017carowych i maszyn. Naszym klientom mo\u017cemy zaproponowa\u0107 cz\u0119\u015bci oryginalne lub ta\u0144sze zamienniki. Elementy wa\u0142\u00f3w nap\u0119dowych sprzedajemy wy\u0142\u0105cznie wraz z us\u0142ug\u0105 ich monta\u017cu na dostarczonym wale. Oferujemy wszystkie [&hellip;]<\/p>\n","protected":false},"author":1,"featured_media":0,"parent":0,"menu_order":0,"comment_status":"closed","ping_status":"closed","template":"elementor_header_footer","meta":{"footnotes":""},"class_list":["post-36","page","type-page","status-publish","hentry"],"_links":{"self":[{"href":"https:\/\/regeneracjawalownapedowych.skydoo.com.pl\/index.php?rest_route=\/wp\/v2\/pages\/36","targetHints":{"allow":["GET"]}}],"collection":[{"href":"https:\/\/regeneracjawalownapedowych.skydoo.com.pl\/index.php?rest_route=\/wp\/v2\/pages"}],"about":[{"href":"https:\/\/regeneracjawalownapedowych.skydoo.com.pl\/index.php?rest_route=\/wp\/v2\/types\/page"}],"author":[{"embeddable":true,"href":"https:\/\/regeneracjawalownapedowych.skydoo.com.pl\/index.php?rest_route=\/wp\/v2\/users\/1"}],"replies":[{"embeddable":true,"href":"https:\/\/regeneracjawalownapedowych.skydoo.com.pl\/index.php?rest_route=%2Fwp%2Fv2%2Fcomments&post=36"}],"version-history":[{"count":7,"href":"https:\/\/regeneracjawalownapedowych.skydoo.com.pl\/index.php?rest_route=\/wp\/v2\/pages\/36\/revisions"}],"predecessor-version":[{"id":195,"href":"https:\/\/regeneracjawalownapedowych.skydoo.com.pl\/index.php?rest_route=\/wp\/v2\/pages\/36\/revisions\/195"}],"wp:attachment":[{"href":"https:\/\/regeneracjawalownapedowych.skydoo.com.pl\/index.php?rest_route=%2Fwp%2Fv2%2Fmedia&parent=36"}],"curies":[{"name":"wp","href":"https:\/\/api.w.org\/{rel}","templated":true}]}}