{"id":34,"date":"2024-01-04T10:20:29","date_gmt":"2024-01-04T10:20:29","guid":{"rendered":"https:\/\/regeneracjawalownapedowych.skydoo.com.pl\/?page_id=34"},"modified":"2024-01-04T12:50:55","modified_gmt":"2024-01-04T12:50:55","slug":"cennik","status":"publish","type":"page","link":"https:\/\/regeneracjawalownapedowych.skydoo.com.pl\/?page_id=34","title":{"rendered":"Cennik"},"content":{"rendered":"\t\t<div data-elementor-type=\"wp-page\" data-elementor-id=\"34\" class=\"elementor elementor-34\" data-elementor-post-type=\"page\">\n\t\t\t\t<div class=\"elementor-element elementor-element-06ad587 e-flex e-con-boxed e-con e-parent\" data-id=\"06ad587\" data-element_type=\"container\">\n\t\t\t\t\t<div class=\"e-con-inner\">\n\t\t\t\t<div class=\"elementor-element elementor-element-61de4ca link elementor-widget elementor-widget-text-editor\" data-id=\"61de4ca\" data-element_type=\"widget\" data-widget_type=\"text-editor.default\">\n\t\t\t\t<div class=\"elementor-widget-container\">\n\t\t\t\t\t\t\t\t\t<p><strong>Koszt naprawy\/ produkcji wa\u0142u nap\u0119dowego ustalany jest indywidulanie w chwili kiedy wa\u0142 znajdzie si\u0119 w naszym serwisie.<\/strong>\u00a0Ci\u0119\u017cko wyceni\u0107 koszt naprawy nawet orientacyjnie nie widz\u0105c wa\u0142u. Koszt regeneracji ka\u017cdego wa\u0142u jest inny. Zazwyczaj klienci nie potrafi\u0105 w 100% stwierdzi\u0107 jakich zabieg\u00f3w wymaga wa\u0142 p\u0119dny, kt\u00f3ry element mo\u017cna naprawi\u0107, a kt\u00f3ry trzeba wymieni\u0107. Na cen\u0119 naprawy wa\u0142u Cardana wp\u0142yw ma wiele czynnik\u00f3w jak stan teczniczny wa\u0142u, d\u0142ugo\u015b\u0107, waga, typ flansz przy\u0142\u0105czeniowych, wymiar krzy\u017caka itp.<\/p><p>Kilka przyk\u0142adowych cen:<\/p><ul><li>Wywa\u017cenie wa\u0142u p\u0119dnego jednocz\u0119\u015bciowego &#8211; od 200z\u0142<\/li><li>Wywa\u017cenie wa\u0142u p\u0119dnego dwucz\u0119\u015bciowego &#8211; od 250z\u0142<\/li><li>Wywa\u017cenie wa\u0142u p\u0119dnego trzycz\u0119\u015bciowego &#8211; od 300z\u0142<\/li><li>Wymiana krzy\u017caka &#8211; od 50z\u0142<\/li><li>Wymiana krzy\u017caka zagniatanego &#8211; 100z\u0142<\/li><li>Wymiana podpory &#8211; od 50z\u0142<\/li><li>Wymiana elementu spawanego &#8211; od 100z\u0142<\/li><li>Demonta\u017c\/ monta\u017c wa\u0142u z pojazdu &#8211; od 180z\u0142<\/li><li>Weryfikacja stanu wa\u0142u i wycena koszt\u00f3w regeneracji &#8211; bezp\u0142atnie<\/li><li>Czyszczenie wa\u0142u i malowanie &#8211; bezp\u0142atnie<\/li><li>Koszt wysy\u0142ki wa\u0142u kurierem &#8211; od 20z\u0142.<\/li><\/ul><p><strong>ABY ZAM\u00d3WI\u0106 KURIERA I WYS\u0141A\u0106 DO NAS WA\u0141 WYSTARCZY WEJ\u015a\u0106 NA\u00a0<a href=\"https:\/\/www.furgonetka.pl\/\" target=\"_blank\" rel=\"noopener\">WWW.FURGONETKA.PL<\/a><\/strong><\/p><p>Powy\u017csze ceny obejmuj\u0105 osiowanie wa\u0142u, luzowanie lub doci\u015bni\u0119cie krzy\u017cak\u00f3w, dobranie zabezpiecze\u0144 odpowiedniej grubo\u015bci, smarowanie, zabezpieczenie antykorozyjne.<\/p>\t\t\t\t\t\t\t\t<\/div>\n\t\t\t\t<\/div>\n\t\t\t\t<div class=\"elementor-element elementor-element-59a8dc1 elementor-widget elementor-widget-image\" data-id=\"59a8dc1\" data-element_type=\"widget\" data-widget_type=\"image.default\">\n\t\t\t\t<div class=\"elementor-widget-container\">\n\t\t\t\t\t\t\t\t\t\t\t\t\t\t\t<img fetchpriority=\"high\" decoding=\"async\" width=\"600\" height=\"380\" src=\"https:\/\/regeneracjawalownapedowych.skydoo.com.pl\/wp-content\/uploads\/2024\/01\/wal-pedny-Cardana.jpg\" class=\"attachment-large size-large wp-image-180\" alt=\"\" srcset=\"https:\/\/regeneracjawalownapedowych.skydoo.com.pl\/wp-content\/uploads\/2024\/01\/wal-pedny-Cardana.jpg 600w, https:\/\/regeneracjawalownapedowych.skydoo.com.pl\/wp-content\/uploads\/2024\/01\/wal-pedny-Cardana-300x190.jpg 300w\" sizes=\"(max-width: 600px) 100vw, 600px\" \/>\t\t\t\t\t\t\t\t\t\t\t\t\t\t\t<\/div>\n\t\t\t\t<\/div>\n\t\t\t\t\t<\/div>\n\t\t\t\t<\/div>\n\t\t<div class=\"elementor-element elementor-element-7fea869 e-flex e-con-boxed e-con e-parent\" data-id=\"7fea869\" data-element_type=\"container\">\n\t\t\t\t\t<div class=\"e-con-inner\">\n\t\t\t\t<div class=\"elementor-element elementor-element-ed79938 elementor-widget-divider--view-line elementor-widget elementor-widget-divider\" data-id=\"ed79938\" data-element_type=\"widget\" data-widget_type=\"divider.default\">\n\t\t\t\t<div class=\"elementor-widget-container\">\n\t\t\t\t\t\t\t<div class=\"elementor-divider\">\n\t\t\t<span class=\"elementor-divider-separator\">\n\t\t\t\t\t\t<\/span>\n\t\t<\/div>\n\t\t\t\t\t\t<\/div>\n\t\t\t\t<\/div>\n\t\t\t\t<div class=\"elementor-element elementor-element-4b8599b link elementor-widget elementor-widget-text-editor\" data-id=\"4b8599b\" data-element_type=\"widget\" data-widget_type=\"text-editor.default\">\n\t\t\t\t<div class=\"elementor-widget-container\">\n\t\t\t\t\t\t\t\t\t<div class=\"container\"><div class=\"container\"><div class=\"container\"><div>Cennik naprawy wa\u0142\u00f3w nap\u0119dowych, cena wywa\u017cania wa\u0142u nap\u0119dowego, koszt wywa\u017cenia wa\u0142u Kardana.<\/div><\/div><footer class=\"footer\"><div class=\"container\">\u00a0<\/div><\/footer><\/div><footer class=\"footer\"><div class=\"container\">\u00a0<\/div><\/footer><\/div><footer class=\"footer\"><div class=\"container\">\u00a0<\/div><\/footer>\t\t\t\t\t\t\t\t<\/div>\n\t\t\t\t<\/div>\n\t\t\t\t\t<\/div>\n\t\t\t\t<\/div>\n\t\t\t\t<\/div>\n\t\t","protected":false},"excerpt":{"rendered":"<p>Koszt naprawy\/ produkcji wa\u0142u nap\u0119dowego ustalany jest indywidulanie w chwili kiedy wa\u0142 znajdzie si\u0119 w naszym serwisie.\u00a0Ci\u0119\u017cko wyceni\u0107 koszt naprawy nawet orientacyjnie nie widz\u0105c wa\u0142u. Koszt regeneracji ka\u017cdego wa\u0142u jest inny. Zazwyczaj klienci nie potrafi\u0105 w 100% stwierdzi\u0107 jakich zabieg\u00f3w wymaga wa\u0142 p\u0119dny, kt\u00f3ry element mo\u017cna naprawi\u0107, a kt\u00f3ry trzeba wymieni\u0107. Na cen\u0119 naprawy wa\u0142u [&hellip;]<\/p>\n","protected":false},"author":1,"featured_media":0,"parent":0,"menu_order":0,"comment_status":"closed","ping_status":"closed","template":"elementor_header_footer","meta":{"footnotes":""},"class_list":["post-34","page","type-page","status-publish","hentry"],"_links":{"self":[{"href":"https:\/\/regeneracjawalownapedowych.skydoo.com.pl\/index.php?rest_route=\/wp\/v2\/pages\/34","targetHints":{"allow":["GET"]}}],"collection":[{"href":"https:\/\/regeneracjawalownapedowych.skydoo.com.pl\/index.php?rest_route=\/wp\/v2\/pages"}],"about":[{"href":"https:\/\/regeneracjawalownapedowych.skydoo.com.pl\/index.php?rest_route=\/wp\/v2\/types\/page"}],"author":[{"embeddable":true,"href":"https:\/\/regeneracjawalownapedowych.skydoo.com.pl\/index.php?rest_route=\/wp\/v2\/users\/1"}],"replies":[{"embeddable":true,"href":"https:\/\/regeneracjawalownapedowych.skydoo.com.pl\/index.php?rest_route=%2Fwp%2Fv2%2Fcomments&post=34"}],"version-history":[{"count":4,"href":"https:\/\/regeneracjawalownapedowych.skydoo.com.pl\/index.php?rest_route=\/wp\/v2\/pages\/34\/revisions"}],"predecessor-version":[{"id":183,"href":"https:\/\/regeneracjawalownapedowych.skydoo.com.pl\/index.php?rest_route=\/wp\/v2\/pages\/34\/revisions\/183"}],"wp:attachment":[{"href":"https:\/\/regeneracjawalownapedowych.skydoo.com.pl\/index.php?rest_route=%2Fwp%2Fv2%2Fmedia&parent=34"}],"curies":[{"name":"wp","href":"https:\/\/api.w.org\/{rel}","templated":true}]}}