{"id":30,"date":"2024-01-04T10:20:09","date_gmt":"2024-01-04T10:20:09","guid":{"rendered":"https:\/\/regeneracjawalownapedowych.skydoo.com.pl\/?page_id=30"},"modified":"2024-01-04T12:16:35","modified_gmt":"2024-01-04T12:16:35","slug":"smarowanie-i-przeglady","status":"publish","type":"page","link":"https:\/\/regeneracjawalownapedowych.skydoo.com.pl\/?page_id=30","title":{"rendered":"Smarowanie i przegl\u0105dy"},"content":{"rendered":"\t\t<div data-elementor-type=\"wp-page\" data-elementor-id=\"30\" class=\"elementor elementor-30\" data-elementor-post-type=\"page\">\n\t\t\t\t<div class=\"elementor-element elementor-element-e4bf42d e-flex e-con-boxed e-con e-parent\" data-id=\"e4bf42d\" data-element_type=\"container\">\n\t\t\t\t\t<div class=\"e-con-inner\">\n\t\t\t\t<div class=\"elementor-element elementor-element-2642584 link elementor-widget elementor-widget-heading\" data-id=\"2642584\" data-element_type=\"widget\" data-widget_type=\"heading.default\">\n\t\t\t\t<div class=\"elementor-widget-container\">\n\t\t\t\t\t<h2 class=\"elementor-heading-title elementor-size-default\">Wywa\u017canie wa\u0142\u00f3w nap\u0119dowych, regeneracja, przegl\u0105dy, smarowanie krzy\u017cak\u00f3w, sprawdzenie luz\u00f3w na wale nap\u0119dowym.\n<\/h2>\t\t\t\t<\/div>\n\t\t\t\t<\/div>\n\t\t\t\t<div class=\"elementor-element elementor-element-06aba78 elementor-widget elementor-widget-text-editor\" data-id=\"06aba78\" data-element_type=\"widget\" data-widget_type=\"text-editor.default\">\n\t\t\t\t<div class=\"elementor-widget-container\">\n\t\t\t\t\t\t\t\t\t<p><strong>Podczas okresowych przegl\u0105d\u00f3w pojazd\u00f3w u\u017cytkowych weryfikacja wa\u0142\u00f3w nap\u0119dowych jest cz\u0119sto pomijana.\u00a0<\/strong>Podczas przegl\u0105du pojazdu nale\u017cy skontrolowa\u0107 luzy wa\u0142u na po\u0142\u0105czeniu przesuwnym (wielowypu\u015bcie, wieloklinie) i krzy\u017cakach lub w zale\u017cno\u015bci od konstrukcji wa\u0142u nap\u0119dowego na przegubach homokinetycznych. Co 1 &#8211; 2 lata, w ramach profilaktyki, nale\u017cy wa\u0142 wywa\u017cy\u0107. Jest to ta\u0144sze ni\u017c p\u00f3\u017aniejsza naprawa.\u00a0<\/p><p>Nasz serwis wykonuje przegl\u0105dy oraz smarowanie wa\u0142\u00f3w nap\u0119dowych. Weryfikacja stanu wa\u0142u oraz wycena ewentualnej naprawy jest bezp\u0142atna.<\/p>\t\t\t\t\t\t\t\t<\/div>\n\t\t\t\t<\/div>\n\t\t\t\t<div class=\"elementor-element elementor-element-308b4c2 elementor-widget elementor-widget-image\" data-id=\"308b4c2\" data-element_type=\"widget\" data-widget_type=\"image.default\">\n\t\t\t\t<div class=\"elementor-widget-container\">\n\t\t\t\t\t\t\t\t\t\t\t\t\t\t\t<img fetchpriority=\"high\" decoding=\"async\" width=\"800\" height=\"600\" src=\"https:\/\/regeneracjawalownapedowych.skydoo.com.pl\/wp-content\/uploads\/2024\/01\/smarowanie-krzyzaka-walu-napedowego.jpg\" class=\"attachment-large size-large wp-image-155\" alt=\"\" srcset=\"https:\/\/regeneracjawalownapedowych.skydoo.com.pl\/wp-content\/uploads\/2024\/01\/smarowanie-krzyzaka-walu-napedowego.jpg 800w, https:\/\/regeneracjawalownapedowych.skydoo.com.pl\/wp-content\/uploads\/2024\/01\/smarowanie-krzyzaka-walu-napedowego-300x225.jpg 300w, https:\/\/regeneracjawalownapedowych.skydoo.com.pl\/wp-content\/uploads\/2024\/01\/smarowanie-krzyzaka-walu-napedowego-768x576.jpg 768w\" sizes=\"(max-width: 800px) 100vw, 800px\" \/>\t\t\t\t\t\t\t\t\t\t\t\t\t\t\t<\/div>\n\t\t\t\t<\/div>\n\t\t\t\t<div class=\"elementor-element elementor-element-73768d2 elementor-widget elementor-widget-text-editor\" data-id=\"73768d2\" data-element_type=\"widget\" data-widget_type=\"text-editor.default\">\n\t\t\t\t<div class=\"elementor-widget-container\">\n\t\t\t\t\t\t\t\t\t<p><strong>Podstawow\u0105 czynno\u015bci\u0105 w trakcie przegl\u0105du jest smarowanie krzy\u017cak\u00f3w i z\u0142\u0105cza przesuwnego.<\/strong>\u00a0Brak smaru powoduje bardzo szybkie uszkodzenie element\u00f3w wa\u0142u. Serwisowanie wa\u0142u (smarowanie w miejscach do tego przewidzianych) powinno by\u0107 przeprowadzane przy ka\u017cdym przegl\u0105dzie serwisowym pojazdu zgodnie z zaleceniami producenta, nie p\u00f3\u017aniej jednak ni\u017c po ka\u017cdorazowym przebiegu:<\/p>\t\t\t\t\t\t\t\t<\/div>\n\t\t\t\t<\/div>\n\t\t\t\t<div class=\"elementor-element elementor-element-7834cdb elementor-widget elementor-widget-text-editor\" data-id=\"7834cdb\" data-element_type=\"widget\" data-widget_type=\"text-editor.default\">\n\t\t\t\t<div class=\"elementor-widget-container\">\n\t\t\t\t\t\t\t\t\t<table border=\"1\" cellspacing=\"0\" cellpadding=\"0\" align=\"center\"><tbody><tr><td><p>Samochody dostawcze, ci\u0119\u017carowe i autobusy eksploatowane wy\u0142\u0105cznie w normalnych warunkach szosowych<\/p><\/td><td><p>Samochody dostawcze, ci\u0119\u017carowe i szynowe eksploatowane w mieszanych warunkach szosowych i terenowych<\/p><\/td><td><p>Samochody dostawcze, ci\u0119\u017carowe i szynowe eksploatowane w warunkach miejskich i terenowych a tak\u017ce maszyny budowlane, koparki, autobusy w ruchu miejskim<\/p><\/td><\/tr><tr><td><p>10.000 km lub 2 razy w roku<\/p><\/td><td><p>5000 km lub 200 godzin eksploatacji<\/p><\/td><td><p>2500 km lub 100 godzin eksploatacji<\/p><\/td><\/tr><\/tbody><\/table>\t\t\t\t\t\t\t\t<\/div>\n\t\t\t\t<\/div>\n\t\t\t\t<div class=\"elementor-element elementor-element-0d8783e elementor-widget elementor-widget-text-editor\" data-id=\"0d8783e\" data-element_type=\"widget\" data-widget_type=\"text-editor.default\">\n\t\t\t\t<div class=\"elementor-widget-container\">\n\t\t\t\t\t\t\t\t\t<p><strong>Bardzo ci\u0119\u017ckie warunki eksploatacyjne mog\u0105 spowodowa\u0107 konieczno\u015b\u0107 skr\u00f3cenia podanych wy\u017cej termin\u00f3w.<\/strong><\/p><p><strong>Smarowanie nale\u017cy r\u00f3wnie\u017c wykona\u0107 po ka\u017cdorazowym wodnym, ci\u015bnieniowym lub parowym myciu podwozia.<\/strong><\/p><p><strong>Smarowanie powinno by\u0107 przeprowadzane smarownic\u0105 a\u017c do momentu pokazania si\u0119 smaru na uszczelniaczach.<\/strong><\/p>\t\t\t\t\t\t\t\t<\/div>\n\t\t\t\t<\/div>\n\t\t\t\t<div class=\"elementor-element elementor-element-62620a4 elementor-widget elementor-widget-image\" data-id=\"62620a4\" data-element_type=\"widget\" data-widget_type=\"image.default\">\n\t\t\t\t<div class=\"elementor-widget-container\">\n\t\t\t\t\t\t\t\t\t\t\t\t\t\t\t<img decoding=\"async\" width=\"800\" height=\"600\" src=\"https:\/\/regeneracjawalownapedowych.skydoo.com.pl\/wp-content\/uploads\/2024\/01\/smarowanie-krzyzakow.jpg\" class=\"attachment-large size-large wp-image-156\" alt=\"\" srcset=\"https:\/\/regeneracjawalownapedowych.skydoo.com.pl\/wp-content\/uploads\/2024\/01\/smarowanie-krzyzakow.jpg 800w, https:\/\/regeneracjawalownapedowych.skydoo.com.pl\/wp-content\/uploads\/2024\/01\/smarowanie-krzyzakow-300x225.jpg 300w, https:\/\/regeneracjawalownapedowych.skydoo.com.pl\/wp-content\/uploads\/2024\/01\/smarowanie-krzyzakow-768x576.jpg 768w\" sizes=\"(max-width: 800px) 100vw, 800px\" \/>\t\t\t\t\t\t\t\t\t\t\t\t\t\t\t<\/div>\n\t\t\t\t<\/div>\n\t\t\t\t<div class=\"elementor-element elementor-element-bfb0a4b elementor-widget elementor-widget-text-editor\" data-id=\"bfb0a4b\" data-element_type=\"widget\" data-widget_type=\"text-editor.default\">\n\t\t\t\t<div class=\"elementor-widget-container\">\n\t\t\t\t\t\t\t\t\t<p>Jeste\u015bmy jednym z niewielu serwis\u00f3w w Polsce, kt\u00f3ry naprawia wszystkie typy wa\u0142\u00f3w do pojazd\u00f3w marki VOLVO XC90, XC60, S80, S60, S90, XC70, S60, m.in. 258750, 272204, 1023742, 6821148, 6901343, 8251731, 8636364, 8689886, 8689915, 9143907, 9163909, 9183945, 9480702, 30651997, 30681235, 30711838, 30713273, 30713363, 30713371, 30759971, 30783345, 30787840, 31112202, 31256000, 31256001, 31256270, 31256271, 31256272, 31259593, 31367159, 31367450, 31367459, 31367506, 31367625, 31367992, 31437416, 31437418, 31437611, 31437614, 4046368505, 5114100306, 5114101606, 6G9N-7L190-GC, 8G9N7L190AA, 8G9N-7L190-CA, 8G9N7L190DB, B5244S2, P30783345, P30787840, P31259593.<\/p>\t\t\t\t\t\t\t\t<\/div>\n\t\t\t\t<\/div>\n\t\t\t\t\t<\/div>\n\t\t\t\t<\/div>\n\t\t<div class=\"elementor-element elementor-element-e0b9bfb e-flex e-con-boxed e-con e-parent\" data-id=\"e0b9bfb\" data-element_type=\"container\">\n\t\t\t\t\t<div class=\"e-con-inner\">\n\t\t\t\t<div class=\"elementor-element elementor-element-cdea3f5 elementor-widget-divider--view-line elementor-widget elementor-widget-divider\" data-id=\"cdea3f5\" data-element_type=\"widget\" data-widget_type=\"divider.default\">\n\t\t\t\t<div class=\"elementor-widget-container\">\n\t\t\t\t\t\t\t<div class=\"elementor-divider\">\n\t\t\t<span class=\"elementor-divider-separator\">\n\t\t\t\t\t\t<\/span>\n\t\t<\/div>\n\t\t\t\t\t\t<\/div>\n\t\t\t\t<\/div>\n\t\t\t\t<div class=\"elementor-element elementor-element-1e5c3a6 link elementor-widget elementor-widget-text-editor\" data-id=\"1e5c3a6\" data-element_type=\"widget\" data-widget_type=\"text-editor.default\">\n\t\t\t\t<div class=\"elementor-widget-container\">\n\t\t\t\t\t\t\t\t\t<div class=\"container\"><div class=\"container\"><div class=\"container\"><div>smarowanie krzy\u017cak\u00f3w, wymiana krzy\u017cak\u00f3w wa\u0142u nap\u0119dowego, przegl\u0105d wa\u0142u nap\u0119dowego, serwis kardana<\/div><\/div><footer class=\"footer\"><div class=\"container\">\u00a0<\/div><\/footer><\/div><footer class=\"footer\"><div class=\"container\">\u00a0<\/div><\/footer><\/div><footer class=\"footer\"><div class=\"container\">\u00a0<\/div><\/footer>\t\t\t\t\t\t\t\t<\/div>\n\t\t\t\t<\/div>\n\t\t\t\t\t<\/div>\n\t\t\t\t<\/div>\n\t\t\t\t<\/div>\n\t\t","protected":false},"excerpt":{"rendered":"<p>Wywa\u017canie wa\u0142\u00f3w nap\u0119dowych, regeneracja, przegl\u0105dy, smarowanie krzy\u017cak\u00f3w, sprawdzenie luz\u00f3w na wale nap\u0119dowym. Podczas okresowych przegl\u0105d\u00f3w pojazd\u00f3w u\u017cytkowych weryfikacja wa\u0142\u00f3w nap\u0119dowych jest cz\u0119sto pomijana.\u00a0Podczas przegl\u0105du pojazdu nale\u017cy skontrolowa\u0107 luzy wa\u0142u na po\u0142\u0105czeniu przesuwnym (wielowypu\u015bcie, wieloklinie) i krzy\u017cakach lub w zale\u017cno\u015bci od konstrukcji wa\u0142u nap\u0119dowego na przegubach homokinetycznych. Co 1 &#8211; 2 lata, w ramach profilaktyki, nale\u017cy [&hellip;]<\/p>\n","protected":false},"author":1,"featured_media":0,"parent":0,"menu_order":0,"comment_status":"closed","ping_status":"closed","template":"elementor_header_footer","meta":{"footnotes":""},"class_list":["post-30","page","type-page","status-publish","hentry"],"_links":{"self":[{"href":"https:\/\/regeneracjawalownapedowych.skydoo.com.pl\/index.php?rest_route=\/wp\/v2\/pages\/30","targetHints":{"allow":["GET"]}}],"collection":[{"href":"https:\/\/regeneracjawalownapedowych.skydoo.com.pl\/index.php?rest_route=\/wp\/v2\/pages"}],"about":[{"href":"https:\/\/regeneracjawalownapedowych.skydoo.com.pl\/index.php?rest_route=\/wp\/v2\/types\/page"}],"author":[{"embeddable":true,"href":"https:\/\/regeneracjawalownapedowych.skydoo.com.pl\/index.php?rest_route=\/wp\/v2\/users\/1"}],"replies":[{"embeddable":true,"href":"https:\/\/regeneracjawalownapedowych.skydoo.com.pl\/index.php?rest_route=%2Fwp%2Fv2%2Fcomments&post=30"}],"version-history":[{"count":4,"href":"https:\/\/regeneracjawalownapedowych.skydoo.com.pl\/index.php?rest_route=\/wp\/v2\/pages\/30\/revisions"}],"predecessor-version":[{"id":159,"href":"https:\/\/regeneracjawalownapedowych.skydoo.com.pl\/index.php?rest_route=\/wp\/v2\/pages\/30\/revisions\/159"}],"wp:attachment":[{"href":"https:\/\/regeneracjawalownapedowych.skydoo.com.pl\/index.php?rest_route=%2Fwp%2Fv2%2Fmedia&parent=30"}],"curies":[{"name":"wp","href":"https:\/\/api.w.org\/{rel}","templated":true}]}}