{"id":26,"date":"2024-01-04T10:19:48","date_gmt":"2024-01-04T10:19:48","guid":{"rendered":"https:\/\/regeneracjawalownapedowych.skydoo.com.pl\/?page_id=26"},"modified":"2024-01-04T12:03:06","modified_gmt":"2024-01-04T12:03:06","slug":"wywazanie","status":"publish","type":"page","link":"https:\/\/regeneracjawalownapedowych.skydoo.com.pl\/?page_id=26","title":{"rendered":"Wywa\u017canie"},"content":{"rendered":"\t\t<div data-elementor-type=\"wp-page\" data-elementor-id=\"26\" class=\"elementor elementor-26\" data-elementor-post-type=\"page\">\n\t\t\t\t<div class=\"elementor-element elementor-element-7e55a1f e-flex e-con-boxed e-con e-parent\" data-id=\"7e55a1f\" data-element_type=\"container\">\n\t\t\t\t\t<div class=\"e-con-inner\">\n\t\t\t\t<div class=\"elementor-element elementor-element-5f3d89e link elementor-widget elementor-widget-heading\" data-id=\"5f3d89e\" data-element_type=\"widget\" data-widget_type=\"heading.default\">\n\t\t\t\t<div class=\"elementor-widget-container\">\n\t\t\t\t\t<h2 class=\"elementor-heading-title elementor-size-default\">Wywa\u017canie wa\u0142\u00f3w nap\u0119dowych.\n<\/h2>\t\t\t\t<\/div>\n\t\t\t\t<\/div>\n\t\t\t\t<div class=\"elementor-element elementor-element-f1b960b elementor-widget elementor-widget-text-editor\" data-id=\"f1b960b\" data-element_type=\"widget\" data-widget_type=\"text-editor.default\">\n\t\t\t\t<div class=\"elementor-widget-container\">\n\t\t\t\t\t\t\t\t\t<p>Wywa\u017cenie wa\u0142u to bardzo wa\u017cny element procesu naprawy lub produkcji wa\u0142u nap\u0119dowego.\u00a0<strong>Tak jak wywa\u017camy ko\u0142o po wymianie opony tak samo bardzo wa\u017cne jest aby po wymianie krzy\u017caka lub podpory wa\u0142 zosta\u0142 wywa\u017cony.\u00a0<\/strong>Brak wywa\u017cenia wa\u0142u skutkuje bardzo szybkim zu\u017cyciem nowych cz\u0119\u015bci.<\/p><p>Oferujemy us\u0142ug\u0119 dynamicznego wywa\u017cania wa\u0142\u00f3w nap\u0119dowych o d\u0142ugo\u015bci do 6 metr\u00f3w i wadze do 250kg.\u00a0<strong>Wa\u0142y wywa\u017cane s\u0105 bardzo precyzyjnie w kilku zakresach pr\u0119dko\u015bci obrotowej.<\/strong> Nasi pracownicy posiadaj\u0105 kilkunastoletnie do\u015bwiadczenie w zakresie wywa\u017cania i serwisowania wa\u0142\u00f3w p\u0119dnych. Dysponujemy najnowocze\u015bniejszymi technologiami gwarantuj\u0105cymi najwy\u017cszy standard wywa\u017cania wa\u0142\u00f3w p\u0119dnych. Wa\u0142y wywa\u017camy na komputerowej wywa\u017carce uznanego na ca\u0142ym \u015bwiecie producenta firmy Cimat. Nasz sprz\u0119t umo\u017cliwo\u015b\u0107 wywa\u017cania w jednej, dw\u00f3ch, trzech i czterech p\u0142aszczyznach korekcyjnych jednocze\u015bnie. <strong>Dok\u0142adno\u015b\u0107 wywa\u017cenia to 1 gram.<\/strong><\/p>\t\t\t\t\t\t\t\t<\/div>\n\t\t\t\t<\/div>\n\t\t\t\t<div class=\"elementor-element elementor-element-69b8a1f elementor-widget elementor-widget-image\" data-id=\"69b8a1f\" data-element_type=\"widget\" data-widget_type=\"image.default\">\n\t\t\t\t<div class=\"elementor-widget-container\">\n\t\t\t\t\t\t\t\t\t\t\t\t\t\t\t<img fetchpriority=\"high\" decoding=\"async\" width=\"800\" height=\"600\" src=\"https:\/\/regeneracjawalownapedowych.skydoo.com.pl\/wp-content\/uploads\/2024\/01\/wywazarka-walow-napedowych-Cimat-1-1024x768.jpg\" class=\"attachment-large size-large wp-image-134\" alt=\"\" srcset=\"https:\/\/regeneracjawalownapedowych.skydoo.com.pl\/wp-content\/uploads\/2024\/01\/wywazarka-walow-napedowych-Cimat-1-1024x768.jpg 1024w, https:\/\/regeneracjawalownapedowych.skydoo.com.pl\/wp-content\/uploads\/2024\/01\/wywazarka-walow-napedowych-Cimat-1-300x225.jpg 300w, https:\/\/regeneracjawalownapedowych.skydoo.com.pl\/wp-content\/uploads\/2024\/01\/wywazarka-walow-napedowych-Cimat-1-768x576.jpg 768w, https:\/\/regeneracjawalownapedowych.skydoo.com.pl\/wp-content\/uploads\/2024\/01\/wywazarka-walow-napedowych-Cimat-1-1536x1152.jpg 1536w, https:\/\/regeneracjawalownapedowych.skydoo.com.pl\/wp-content\/uploads\/2024\/01\/wywazarka-walow-napedowych-Cimat-1-2048x1536.jpg 2048w\" sizes=\"(max-width: 800px) 100vw, 800px\" \/>\t\t\t\t\t\t\t\t\t\t\t\t\t\t\t<\/div>\n\t\t\t\t<\/div>\n\t\t\t\t<div class=\"elementor-element elementor-element-e998b16 elementor-widget elementor-widget-text-editor\" data-id=\"e998b16\" data-element_type=\"widget\" data-widget_type=\"text-editor.default\">\n\t\t\t\t<div class=\"elementor-widget-container\">\n\t\t\t\t\t\t\t\t\t<p>Wywa\u017canie wa\u0142\u00f3w nap\u0119dowych Warszawa.<\/p><p>Jako jeden z nielicznych serwis\u00f3w w Polsce ferujemy regeneracj\u0119 i wywa\u017canie wszystkich typ\u00f3w przednich i tylnych wa\u0142\u00f3w Mercedes 4Matic: A2044106801, A2044102401, A2044106806, A2044106901, A2044107106, A2044106701, A2044107706, A2044105906, A2194100506, A2194100406, A2044102401, A2044105306, A2044101406, A2044106701, A2044106901, A2044107001, A2034107606, A2034105706, A2034108606, A2034105406, A2034100816, A2034105306, A2034105106, A2034100916, A2034103806, A2034100706, A2034101106, A2034106106, A2034105406, A2084100306, A2084100106, A2514100701, A2514100601, A2074100506, A2104101916, A2104103916, A2104104606, A2104103006, A2104109106, A2104109306, A2104106706, A2104100716, A2214109906, A2214101801, A2214102806, A2104108006, A2104104006, A2104107006, A2104105006, A2214108206, A2214103816, A2114105606, A2114104706, A2114104106, A2114100306, A2114109306, A2114107706, A2114102306, A2114102216, A2114108906, A2114107906, A2114107106, A2114108906, A2114100406, A2204107006, A4634100502, A1704100906, A1244108206, A2094100606, A2094100406, A2094100606, A9014101501, A9034100801, A2024102206, A2024100616, A2204101206, A1664100001, A2124102016, A2124107406, A2124101816, A2124100616, A2124102316, A2124107106, A2054100502, A2534103401, A2534101101, A2164100606, A2514102502, A2074100506, A1764100100, A2054108801, A2054100302, A2464100000, A4474100600, A4474100200.<\/p>\t\t\t\t\t\t\t\t<\/div>\n\t\t\t\t<\/div>\n\t\t\t\t<div class=\"elementor-element elementor-element-a453f95 elementor-widget-divider--view-line elementor-widget elementor-widget-divider\" data-id=\"a453f95\" data-element_type=\"widget\" data-widget_type=\"divider.default\">\n\t\t\t\t<div class=\"elementor-widget-container\">\n\t\t\t\t\t\t\t<div class=\"elementor-divider\">\n\t\t\t<span class=\"elementor-divider-separator\">\n\t\t\t\t\t\t<\/span>\n\t\t<\/div>\n\t\t\t\t\t\t<\/div>\n\t\t\t\t<\/div>\n\t\t\t\t<div class=\"elementor-element elementor-element-7088010 link elementor-widget elementor-widget-text-editor\" data-id=\"7088010\" data-element_type=\"widget\" data-widget_type=\"text-editor.default\">\n\t\t\t\t<div class=\"elementor-widget-container\">\n\t\t\t\t\t\t\t\t\t<div class=\"container\"><div>Wywa\u017canie wa\u0142\u00f3w nap\u0119dowych Warszawa. Wywa\u017canie wa\u0142\u00f3w nap\u0119dowych Wroc\u0142aw.<\/div><\/div><footer class=\"footer\"><div class=\"container\">\u00a0<\/div><\/footer>\t\t\t\t\t\t\t\t<\/div>\n\t\t\t\t<\/div>\n\t\t\t\t\t<\/div>\n\t\t\t\t<\/div>\n\t\t\t\t<\/div>\n\t\t","protected":false},"excerpt":{"rendered":"<p>Wywa\u017canie wa\u0142\u00f3w nap\u0119dowych. Wywa\u017cenie wa\u0142u to bardzo wa\u017cny element procesu naprawy lub produkcji wa\u0142u nap\u0119dowego.\u00a0Tak jak wywa\u017camy ko\u0142o po wymianie opony tak samo bardzo wa\u017cne jest aby po wymianie krzy\u017caka lub podpory wa\u0142 zosta\u0142 wywa\u017cony.\u00a0Brak wywa\u017cenia wa\u0142u skutkuje bardzo szybkim zu\u017cyciem nowych cz\u0119\u015bci. Oferujemy us\u0142ug\u0119 dynamicznego wywa\u017cania wa\u0142\u00f3w nap\u0119dowych o d\u0142ugo\u015bci do 6 metr\u00f3w i [&hellip;]<\/p>\n","protected":false},"author":1,"featured_media":0,"parent":0,"menu_order":0,"comment_status":"closed","ping_status":"closed","template":"elementor_header_footer","meta":{"footnotes":""},"class_list":["post-26","page","type-page","status-publish","hentry"],"_links":{"self":[{"href":"https:\/\/regeneracjawalownapedowych.skydoo.com.pl\/index.php?rest_route=\/wp\/v2\/pages\/26","targetHints":{"allow":["GET"]}}],"collection":[{"href":"https:\/\/regeneracjawalownapedowych.skydoo.com.pl\/index.php?rest_route=\/wp\/v2\/pages"}],"about":[{"href":"https:\/\/regeneracjawalownapedowych.skydoo.com.pl\/index.php?rest_route=\/wp\/v2\/types\/page"}],"author":[{"embeddable":true,"href":"https:\/\/regeneracjawalownapedowych.skydoo.com.pl\/index.php?rest_route=\/wp\/v2\/users\/1"}],"replies":[{"embeddable":true,"href":"https:\/\/regeneracjawalownapedowych.skydoo.com.pl\/index.php?rest_route=%2Fwp%2Fv2%2Fcomments&post=26"}],"version-history":[{"count":7,"href":"https:\/\/regeneracjawalownapedowych.skydoo.com.pl\/index.php?rest_route=\/wp\/v2\/pages\/26\/revisions"}],"predecessor-version":[{"id":140,"href":"https:\/\/regeneracjawalownapedowych.skydoo.com.pl\/index.php?rest_route=\/wp\/v2\/pages\/26\/revisions\/140"}],"wp:attachment":[{"href":"https:\/\/regeneracjawalownapedowych.skydoo.com.pl\/index.php?rest_route=%2Fwp%2Fv2%2Fmedia&parent=26"}],"curies":[{"name":"wp","href":"https:\/\/api.w.org\/{rel}","templated":true}]}}