{"id":24,"date":"2024-01-04T10:19:40","date_gmt":"2024-01-04T10:19:40","guid":{"rendered":"https:\/\/regeneracjawalownapedowych.skydoo.com.pl\/?page_id=24"},"modified":"2024-01-04T11:43:13","modified_gmt":"2024-01-04T11:43:13","slug":"regeneracja","status":"publish","type":"page","link":"https:\/\/regeneracjawalownapedowych.skydoo.com.pl\/?page_id=24","title":{"rendered":"Regeneracja"},"content":{"rendered":"\t\t<div data-elementor-type=\"wp-page\" data-elementor-id=\"24\" class=\"elementor elementor-24\" data-elementor-post-type=\"page\">\n\t\t\t\t<div class=\"elementor-element elementor-element-cb5d5c4 e-flex e-con-boxed e-con e-parent\" data-id=\"cb5d5c4\" data-element_type=\"container\">\n\t\t\t\t\t<div class=\"e-con-inner\">\n\t\t\t\t<div class=\"elementor-element elementor-element-c08c7c0 elementor-widget elementor-widget-heading\" data-id=\"c08c7c0\" data-element_type=\"widget\" data-widget_type=\"heading.default\">\n\t\t\t\t<div class=\"elementor-widget-container\">\n\t\t\t\t\t<h2 class=\"elementor-heading-title elementor-size-default\">Regeneracja wa\u0142\u00f3w nap\u0119dowych Cardana. Regeneracja dr\u0105\u017ck\u00f3w kolumny kierowniczej. Regeneracja rolniczych wa\u0142\u00f3w przegubowo-teleskopowych PTO\/ WOM.\n\n\n<\/h2>\t\t\t\t<\/div>\n\t\t\t\t<\/div>\n\t\t\t\t<div class=\"elementor-element elementor-element-510c67c elementor-widget elementor-widget-text-editor\" data-id=\"510c67c\" data-element_type=\"widget\" data-widget_type=\"text-editor.default\">\n\t\t\t\t<div class=\"elementor-widget-container\">\n\t\t\t\t\t\t\t\t\t<p><strong>Wa\u0142y nap\u0119dowe kardana &#8211; wywa\u017canie &#8211; naprawa &#8211; produkcja &#8211; regeneracja.\u00a0\u00a0<\/strong>Naprawiamy wa\u0142y nap\u0119dowe wszystkich typ\u00f3w. Stusujemy najlepszej jako\u015bci cz\u0119\u015bci zamienne: Tirsan Kardan, Dana Spicer, INA, Driveshaft Parts, Matsuba Japan, Klein, F\u0141T Kra\u015bnik, IFA Kardan, SKF. Dysponujemy technologiami gwarantuj\u0105cymi najwy\u017cszy standard naprawy wa\u0142\u00f3w p\u0119dnych. Wa\u0142y wywa\u017camy na nowoczesnej wywa\u017carce \u015bwiatowego producenta firmy Cimat.<\/p><p>Wykonujemy wszystkie us\u0142ugi zwi\u0105zane z napraw\u0105 wa\u0142\u00f3w nap\u0119dowych &#8211; skracanie, wyd\u0142u\u017canie, prostowanie, przer\u00f3bki wa\u0142\u00f3w nierozbieralnych na rozbieralne itd.<\/p>\t\t\t\t\t\t\t\t<\/div>\n\t\t\t\t<\/div>\n\t\t\t\t<div class=\"elementor-element elementor-element-95dcf87 elementor-widget elementor-widget-image\" data-id=\"95dcf87\" data-element_type=\"widget\" data-widget_type=\"image.default\">\n\t\t\t\t<div class=\"elementor-widget-container\">\n\t\t\t\t\t\t\t\t\t\t\t\t\t\t\t<img fetchpriority=\"high\" decoding=\"async\" width=\"800\" height=\"616\" src=\"https:\/\/regeneracjawalownapedowych.skydoo.com.pl\/wp-content\/uploads\/2024\/01\/regeneracja-4-kroki.jpg\" class=\"attachment-large size-large wp-image-124\" alt=\"\" srcset=\"https:\/\/regeneracjawalownapedowych.skydoo.com.pl\/wp-content\/uploads\/2024\/01\/regeneracja-4-kroki.jpg 861w, https:\/\/regeneracjawalownapedowych.skydoo.com.pl\/wp-content\/uploads\/2024\/01\/regeneracja-4-kroki-300x231.jpg 300w, https:\/\/regeneracjawalownapedowych.skydoo.com.pl\/wp-content\/uploads\/2024\/01\/regeneracja-4-kroki-768x591.jpg 768w\" sizes=\"(max-width: 800px) 100vw, 800px\" \/>\t\t\t\t\t\t\t\t\t\t\t\t\t\t\t<\/div>\n\t\t\t\t<\/div>\n\t\t\t\t<div class=\"elementor-element elementor-element-3116d6d elementor-widget elementor-widget-text-editor\" data-id=\"3116d6d\" data-element_type=\"widget\" data-widget_type=\"text-editor.default\">\n\t\t\t\t<div class=\"elementor-widget-container\">\n\t\t\t\t\t\t\t\t\t<p><strong>Regenerujemy wa\u0142y nap\u0119dowe kardana jedno, dwu i trzycz\u0119\u015bciowe do:<\/strong><\/p><ul><li>samochod\u00f3w ci\u0119\u017carowych,<\/li><li>samochod\u00f3w dostawczych,<\/li><li>samochod\u00f3w terenowych,<\/li><li>samochod\u00f3w osobowych,<\/li><li>autobus\u00f3w,<\/li><li>pojazd\u00f3w szynowych,<\/li><li>maszyn rolniczych,<\/li><li>wozide\u0142, urz\u0105dze\u0144 hutniczych i kopalnianych,<\/li><li>przemys\u0142u,<\/li><li>kompresor\u00f3w wydmuchu,<\/li><li>cystern,<\/li><li>koparek,<\/li><li>\u0142adowarek,<\/li><li>regeneracja dr\u0105\u017ck\u00f3w kolumny kierowniczej,<\/li><li>wa\u0142y przegubowo-teleskopowe WOM\/ PTO.<\/li><\/ul>\t\t\t\t\t\t\t\t<\/div>\n\t\t\t\t<\/div>\n\t\t\t\t<div class=\"elementor-element elementor-element-4285568 elementor-widget elementor-widget-image\" data-id=\"4285568\" data-element_type=\"widget\" data-widget_type=\"image.default\">\n\t\t\t\t<div class=\"elementor-widget-container\">\n\t\t\t\t\t\t\t\t\t\t\t\t\t\t\t<img decoding=\"async\" width=\"714\" height=\"476\" src=\"https:\/\/regeneracjawalownapedowych.skydoo.com.pl\/wp-content\/uploads\/2024\/01\/regeneracja_walow.jpg\" class=\"attachment-large size-large wp-image-125\" alt=\"\" srcset=\"https:\/\/regeneracjawalownapedowych.skydoo.com.pl\/wp-content\/uploads\/2024\/01\/regeneracja_walow.jpg 714w, https:\/\/regeneracjawalownapedowych.skydoo.com.pl\/wp-content\/uploads\/2024\/01\/regeneracja_walow-300x200.jpg 300w\" sizes=\"(max-width: 714px) 100vw, 714px\" \/>\t\t\t\t\t\t\t\t\t\t\t\t\t\t\t<\/div>\n\t\t\t\t<\/div>\n\t\t\t\t<div class=\"elementor-element elementor-element-d032f62 elementor-widget elementor-widget-image\" data-id=\"d032f62\" data-element_type=\"widget\" data-widget_type=\"image.default\">\n\t\t\t\t<div class=\"elementor-widget-container\">\n\t\t\t\t\t\t\t\t\t\t\t\t\t\t\t<img decoding=\"async\" width=\"800\" height=\"534\" src=\"https:\/\/regeneracjawalownapedowych.skydoo.com.pl\/wp-content\/uploads\/2024\/01\/wymiana_krzyzakow-1024x683.jpg\" class=\"attachment-large size-large wp-image-127\" alt=\"\" srcset=\"https:\/\/regeneracjawalownapedowych.skydoo.com.pl\/wp-content\/uploads\/2024\/01\/wymiana_krzyzakow-1024x683.jpg 1024w, https:\/\/regeneracjawalownapedowych.skydoo.com.pl\/wp-content\/uploads\/2024\/01\/wymiana_krzyzakow-300x200.jpg 300w, https:\/\/regeneracjawalownapedowych.skydoo.com.pl\/wp-content\/uploads\/2024\/01\/wymiana_krzyzakow-768x512.jpg 768w, https:\/\/regeneracjawalownapedowych.skydoo.com.pl\/wp-content\/uploads\/2024\/01\/wymiana_krzyzakow.jpg 1045w\" sizes=\"(max-width: 800px) 100vw, 800px\" \/>\t\t\t\t\t\t\t\t\t\t\t\t\t\t\t<\/div>\n\t\t\t\t<\/div>\n\t\t\t\t<div class=\"elementor-element elementor-element-808f027 elementor-widget elementor-widget-image\" data-id=\"808f027\" data-element_type=\"widget\" data-widget_type=\"image.default\">\n\t\t\t\t<div class=\"elementor-widget-container\">\n\t\t\t\t\t\t\t\t\t\t\t\t\t\t\t<img loading=\"lazy\" decoding=\"async\" width=\"800\" height=\"534\" src=\"https:\/\/regeneracjawalownapedowych.skydoo.com.pl\/wp-content\/uploads\/2024\/01\/prasa_do_walow_napedowych-1024x683.jpg\" class=\"attachment-large size-large wp-image-126\" alt=\"\" srcset=\"https:\/\/regeneracjawalownapedowych.skydoo.com.pl\/wp-content\/uploads\/2024\/01\/prasa_do_walow_napedowych-1024x683.jpg 1024w, https:\/\/regeneracjawalownapedowych.skydoo.com.pl\/wp-content\/uploads\/2024\/01\/prasa_do_walow_napedowych-300x200.jpg 300w, https:\/\/regeneracjawalownapedowych.skydoo.com.pl\/wp-content\/uploads\/2024\/01\/prasa_do_walow_napedowych-768x512.jpg 768w, https:\/\/regeneracjawalownapedowych.skydoo.com.pl\/wp-content\/uploads\/2024\/01\/prasa_do_walow_napedowych.jpg 1152w\" sizes=\"(max-width: 800px) 100vw, 800px\" \/>\t\t\t\t\t\t\t\t\t\t\t\t\t\t\t<\/div>\n\t\t\t\t<\/div>\n\t\t\t\t<div class=\"elementor-element elementor-element-7fffc38 elementor-widget elementor-widget-text-editor\" data-id=\"7fffc38\" data-element_type=\"widget\" data-widget_type=\"text-editor.default\">\n\t\t\t\t<div class=\"elementor-widget-container\">\n\t\t\t\t\t\t\t\t\t<p><strong>Naprawa i regeneracja wa\u0142\u00f3w nap\u0119dowych kardana &#8211; aktualnie najcz\u0119\u015bciej naprawiamy:<\/strong><\/p><p>&#8211; wa\u0142 nap\u0119dowy Mercedes Sprinter,<\/p><p>&#8211; wa\u0142 nap\u0119dowy Mercedes Vito W639,<\/p><p>&#8211; wa\u0142 nap\u0119dowy Mercedes Actros, Atego, Vario,<\/p><p>&#8211; wa\u0142 nap\u0119dowy Mercedes 207, 310, 410, 508, 609<\/p><p>&#8211; wa\u0142 nap\u0119dowy nap\u0119du wentylatora ch\u0142odnicy Mercedes Travego Setra, Neoplan, OE: 6295000982, 6295000482, 0005000782, A6295000982, A6295000482,\u00a0 A0005000782,\u00a0 NTN LJ75 TZ5 53<\/p><p>&#8211; wa\u0142 nap\u0119dowy Ford Transit<\/p><p>&#8211; wa\u0142 nap\u0119dowy VW Crafter<\/p><p>&#8211; wa\u0142 nap\u0119dowy VW Touareg 7L0521102F , 7L6521102G, 7L6521102M, 7L0521102B, 7L0521102D, 7L0521102G, 7L0521102H, 7L0521102M 7L6521102J, SPIDAN 0.028054<\/p><p>&#8211; wa\u0142 nap\u0119dowy Porsche Cayenne 7L6521102E, 7L6521102N, 7L6521102B, 7L6521102C, 7L6521102D, 7L6521102F, 7L6521102H, SPIDAN 0.028055<\/p><p>&#8211; wa\u0142 nap\u0119dowy Audi Q7 7L0521101, 7L6521101B, 7L0521101A, 7L052110, SPIDAN 0.028052<\/p><p>&#8211; wa\u0142 nap\u0119dowy Porsche Panamera<\/p><p>&#8211; wa\u0142 nap\u0119dowy Nissan Patrol<\/p><p>&#8211; wa\u0142 nap\u0119dowy Mitsubishi Pajero, L200<\/p><p>&#8211; wa\u0142 nap\u0119dowy Toyota Rav 4<\/p><p>&#8211; wa\u0142 nap\u0119dowy Toyota Land Cruiser<\/p><p>&#8211; wa\u0142 nap\u0119dowy Land Rover Freelander<\/p><p>&#8211; wa\u0142 nap\u0119dowy Honda Crv\/ Hrv<\/p><p>&#8211; -wa\u0142 nap\u0119dowy Jeep Cherokee\/ Grand Cherokee\/ Commander\/ Wrangler<\/p><p>&#8211; wa\u0142 nap\u0119dowy Renault Scenie\/ Kangoo<\/p><p>&#8211; wa\u0142 nap\u0119dowy Dacia Duster<\/p><p>&#8211; wa\u0142 nap\u0119dowy Land Rover Freelander\/ Range Rover<\/p><p>&#8211; wa\u0142 nap\u0119dowy Mercedes ML\/ GL\/ G-klasa<\/p><p>&#8211; wa\u0142 nap\u0119dowy Audi A4\/ A6\/ A8<\/p><p>&#8211; wa\u0142 nap\u0119dowy Nissan Serena\/ Vanette<\/p><p>&#8211; wa\u0142 nap\u0119dowy BMW<\/p><p>&#8211; wa\u0142 nap\u0119dowy Scania P300, P500, P600<\/p><p>&#8211; wa\u0142 nap\u0119dowy MAN TGA<\/p><p>&#8211; wa\u0142 nap\u0119dowy MAN TGL<\/p><p>&#8211; wa\u0142 nap\u0119dowy Iveco Euro Cargo,<\/p><p>&#8211; wa\u0142 nap\u0119dowy Iveco Daily<\/p><p>&#8211; wa\u0142 nap\u0119dowy Iveco Stralis, Trakker<\/p><p>&#8211; wa\u0142 nap\u0119dowy Renault<\/p><p>&#8211; wa\u0142 nap\u0119dowy Magirus<\/p><p>&#8211; wa\u0142 nap\u0119dowy Deutz-Fahr<\/p><p>&#8211; wa\u0142 nap\u0119dowy Volvo<\/p><p>&#8211; wa\u0142 nap\u0119dowy JCB 3CX\/ 4CX<\/p><p>&#8211; wa\u0142 nap\u0119dowy CAT<\/p><p>&#8211; wa\u0142 nap\u0119dowy Case<\/p><p>\u00a0<\/p><p><strong>Regeneracja wa\u0142\u00f3w nap\u0119dowych do maszyn budowlanych i rolniczych.<\/strong><\/p><p>&#8211; regeneracja wa\u0142u nap\u0119dowego Komatsu,<\/p><p>&#8211; regeneracja wa\u0142u nap\u0119dowego Kramer,<\/p><p>&#8211; regeneracja wa\u0142u nap\u0119dowego Caterpillar,<\/p><p>&#8211; regeneracja wa\u0142u nap\u0119dowego Atlas,<\/p><p>&#8211; regeneracja wa\u0142u nap\u0119dowego Bobcat,<\/p><p>&#8211; regeneracja wa\u0142u nap\u0119dowego Bomag,<\/p><p>&#8211; regeneracja wa\u0142u nap\u0119dowego Fadroma,<\/p><p>&#8211; regeneracja wa\u0142u nap\u0119dowego HSW,<\/p><p>&#8211; regeneracja wa\u0142u nap\u0119dowego Liebherr,<\/p><p>&#8211; regeneracja wa\u0142u nap\u0119dowego O&amp;K,<\/p><p>&#8211; regeneracja wa\u0142u nap\u0119dowego Porshe,<\/p><p>&#8211; regeneracja wa\u0142u nap\u0119dowego Weber,<\/p><p>&#8211; regeneracja wa\u0142u nap\u0119dowego Zeppelin,<\/p><p>&#8211; regeneracja wa\u0142u nap\u0119dowego XCMG,<\/p><p>&#8211; regeneracja wa\u0142u nap\u0119dowego Mitsubishi,<\/p><p>&#8211; regeneracja wa\u0142u nap\u0119dowego Suzuki,<\/p><p>&#8211; regeneracja wa\u0142u nap\u0119dowego John Deere,<\/p><p>&#8211; regeneracja wa\u0142u nap\u0119dowego New Holland<\/p><p>&#8211; regeneracja wa\u0142u nap\u0119dowego Case,<\/p><p>&#8211; regeneracja wa\u0142u nap\u0119dowego Ferguson,<\/p><p>&#8211; regeneracja wa\u0142u nap\u0119dowego Daewoo,<\/p><p>&#8211; regeneracja wa\u0142u nap\u0119dowego Manituo,<\/p><p>&#8211; regeneracja wa\u0142u nap\u0119dowego Deutz<\/p><p>&#8211; regeneracja wa\u0142u nap\u0119dowego Fahr,\u00a0<\/p><p>&#8211; regeneracja wa\u0142u nap\u0119dowego Komatsu,<\/p><p>&#8211; regeneracja wa\u0142u nap\u0119dowego Hilti,<\/p><p>&#8211; regeneracja wa\u0142u nap\u0119dowego Claas,<\/p><p>&#8211; regeneracja wa\u0142u nap\u0119dowego Keverneland,<\/p><p>&#8211; regeneracja p\u00f3\u0142osi Fendt OE: 931303220162, 931303220163<\/p><p>&#8211; regeneracja wa\u0142u nap\u0119dowego Claas,<\/p><p>&#8211; regeneracja wa\u0142u nap\u0119dowego Kuhn,<\/p><p>&#8211; regeneracja wa\u0142u nap\u0119dowego John Deere,<\/p><p>&#8211; regeneracja p\u00f3\u0142osi John Deere,<\/p><p>&#8211; regeneracja wa\u0142u nap\u0119dowego Fiat i inne<\/p><p>Naprawiamy wszstkie rodzaje uszkodze\u0144 wa\u0142\u00f3w nap\u0119dowych.<\/p>\t\t\t\t\t\t\t\t<\/div>\n\t\t\t\t<\/div>\n\t\t\t\t<div class=\"elementor-element elementor-element-ffa168a elementor-widget elementor-widget-image\" data-id=\"ffa168a\" data-element_type=\"widget\" data-widget_type=\"image.default\">\n\t\t\t\t<div class=\"elementor-widget-container\">\n\t\t\t\t\t\t\t\t\t\t\t\t\t\t\t<img loading=\"lazy\" decoding=\"async\" width=\"800\" height=\"373\" src=\"https:\/\/regeneracjawalownapedowych.skydoo.com.pl\/wp-content\/uploads\/2024\/01\/naprawa-walow-napedowych-1024x478.jpg\" class=\"attachment-large size-large wp-image-128\" alt=\"\" srcset=\"https:\/\/regeneracjawalownapedowych.skydoo.com.pl\/wp-content\/uploads\/2024\/01\/naprawa-walow-napedowych-1024x478.jpg 1024w, https:\/\/regeneracjawalownapedowych.skydoo.com.pl\/wp-content\/uploads\/2024\/01\/naprawa-walow-napedowych-300x140.jpg 300w, https:\/\/regeneracjawalownapedowych.skydoo.com.pl\/wp-content\/uploads\/2024\/01\/naprawa-walow-napedowych-768x359.jpg 768w, https:\/\/regeneracjawalownapedowych.skydoo.com.pl\/wp-content\/uploads\/2024\/01\/naprawa-walow-napedowych.jpg 1274w\" sizes=\"(max-width: 800px) 100vw, 800px\" \/>\t\t\t\t\t\t\t\t\t\t\t\t\t\t\t<\/div>\n\t\t\t\t<\/div>\n\t\t\t\t<div class=\"elementor-element elementor-element-9ca9240 elementor-widget elementor-widget-text-editor\" data-id=\"9ca9240\" data-element_type=\"widget\" data-widget_type=\"text-editor.default\">\n\t\t\t\t<div class=\"elementor-widget-container\">\n\t\t\t\t\t\t\t\t\t<p>Numery OE wa\u0142\u00f3w nap\u0119dowych Mercedes, kt\u00f3re naprawiali\u015bmy:<\/p><p>&#8211; wa\u0142 nap\u0119dowy Mercedes Sprinter A9064100606, A9064101006, A9064101116, A9064100716, A9064107716, A9064105906, A9064109806, A9064109506, A9064108106, A9064106916, A9064105506, A9064100506, A9064100416, A9064100416, A9064100616, A9064107806, A9064100816, A9064101516, A9064101316, A9064101416, A9064109306, A9064100216, A9064102716, A9064109706, A9064107416, A9064107616, A9064107916, A9064100016, A9064102616, A9064107516, A9064107816, A9064101216, A9064106006, A9064100316, A9064109906, A9064109606, A9064105606, A9064100516, A9064101016, A9064100916, A9064109406, A9064102016, A9064102116,, A9064103201, A9064102801, A9064103601, A9064103901, A9064104001, A9064103801, A9064102101, A9064100501, A9064103401, A9064102301, A9064104301, A9064103701, A9064104801, A9064102201<\/p><p>&#8211; wa\u0142 nap\u0119dowy Mercedes Vito W639, OE: A6394103006, A6394103206, A6394103306, A6394103406, A6394103706, A6394104006, A6394104506, 639410901, A6394103106, A6394103506, A6394103606, A6394103906, A6394104606, A6394104706, A6394104806, A6394104906.<\/p>\t\t\t\t\t\t\t\t<\/div>\n\t\t\t\t<\/div>\n\t\t\t\t<div class=\"elementor-element elementor-element-d2ace72 elementor-widget elementor-widget-image\" data-id=\"d2ace72\" data-element_type=\"widget\" data-widget_type=\"image.default\">\n\t\t\t\t<div class=\"elementor-widget-container\">\n\t\t\t\t\t\t\t\t\t\t\t\t\t\t\t<img loading=\"lazy\" decoding=\"async\" width=\"800\" height=\"294\" src=\"https:\/\/regeneracjawalownapedowych.skydoo.com.pl\/wp-content\/uploads\/2024\/01\/czesci-walow-napedowych-Euro-Driveshafts-1-1024x376.jpg\" class=\"attachment-large size-large wp-image-129\" alt=\"\" srcset=\"https:\/\/regeneracjawalownapedowych.skydoo.com.pl\/wp-content\/uploads\/2024\/01\/czesci-walow-napedowych-Euro-Driveshafts-1-1024x376.jpg 1024w, https:\/\/regeneracjawalownapedowych.skydoo.com.pl\/wp-content\/uploads\/2024\/01\/czesci-walow-napedowych-Euro-Driveshafts-1-300x110.jpg 300w, https:\/\/regeneracjawalownapedowych.skydoo.com.pl\/wp-content\/uploads\/2024\/01\/czesci-walow-napedowych-Euro-Driveshafts-1-768x282.jpg 768w, https:\/\/regeneracjawalownapedowych.skydoo.com.pl\/wp-content\/uploads\/2024\/01\/czesci-walow-napedowych-Euro-Driveshafts-1-1536x564.jpg 1536w, https:\/\/regeneracjawalownapedowych.skydoo.com.pl\/wp-content\/uploads\/2024\/01\/czesci-walow-napedowych-Euro-Driveshafts-1.jpg 1650w\" sizes=\"(max-width: 800px) 100vw, 800px\" \/>\t\t\t\t\t\t\t\t\t\t\t\t\t\t\t<\/div>\n\t\t\t\t<\/div>\n\t\t\t\t<div class=\"elementor-element elementor-element-e5256e2 elementor-widget elementor-widget-text-editor\" data-id=\"e5256e2\" data-element_type=\"widget\" data-widget_type=\"text-editor.default\">\n\t\t\t\t<div class=\"elementor-widget-container\">\n\t\t\t\t\t\t\t\t\t<p><strong>Us\u0142ugi naprawy i wywa\u017cania wa\u0142\u00f3w p\u0119dnych Cardana \u015bwiadczymy dla klient\u00f3w detalicznych i hurtowych z ca\u0142ej Polski m.in.:<\/strong>\u00a0Warszawa, \u0141omianki, Krak\u00f3w, \u0141\u00f3d\u017a, Wroc\u0142aw, Pozna\u0144, Gda\u0144sk, Szczecin, Bydgoszcz, Lublin, Katowice, Bia\u0142ystok, Gdynia, Cz\u0119stochowa, Radom, Sosnowiec, Toru\u0144, Kielce, Rzesz\u00f3w, Gliwice, Zabrze, Olsztyn, Bielsko-Bia\u0142a, Bytom, Ruda \u015al\u0105ska, Rybnik, Zielona G\u00f3ra, Tychy, Gorz\u00f3w Wielkopolski, D\u0105browa G\u00f3rnicza, Elbl\u0105g, P\u0142ock, Opole, Wa\u0142brzych, W\u0142oc\u0142awek, Tarn\u00f3w, Chorz\u00f3w, Koszalin, Kalisz, Legnica, Grudzi\u0105dz, Jaworzno, S\u0142upsk, Jastrz\u0119bie-Zdr\u00f3j, Nowy S\u0105cz, Jelenia G\u00f3ra, Siedlce, Konin, Piotrk\u00f3w Trybunalski, Mys\u0142owice, Inowroc\u0142aw, Pi\u0142a, Lubin, Ostr\u00f3w Wielkopolski, Ostrowiec \u015awi\u0119tokrzyski, Gniezno, Suwa\u0142ki, Stargard Szczeci\u0144ski, G\u0142og\u00f3w, Siemianowice \u015al\u0105skie, Pabianice, Zamo\u015b\u0107, Che\u0142m, Leszno, Tomasz\u00f3w Mazowiecki, Przemy\u015bl, Stalowa Wola, K\u0119dzierzyn-Ko\u017ale, \u0141om\u017ca, \u017bory, Tarnowskie G\u00f3ry, Mielec, Tczew, E\u0142k, Pruszk\u00f3w, Be\u0142chat\u00f3w, \u015awidnica, B\u0119dzin, Bia\u0142a Podlaska, Zgierz, Piekary \u015al\u0105skie, Racib\u00f3rz, Legionowo, Ostro\u0142\u0119ka, \u015awi\u0119toch\u0142owice, Zawiercie, Starachowice, Wejherowo, Pu\u0142awy, Wodzis\u0142aw \u015al\u0105ski, Skierniewice, Starogard Gda\u0144ski, Tarnobrzeg, Rumia, Radomsko, Skar\u017cysko-Kamienna, Krosno, Ko\u0142obrzeg, D\u0119bica, Piaseczno, Kutno, Otwock, Nysa, Ciechan\u00f3w, Zdu\u0144ska Wola, Sieradz, \u015awinouj\u015bcie, \u017byrard\u00f3w, Szczecinek, Mi\u0144sk Mazowiecki, \u015awidnik, Chojnice, Miko\u0142\u00f3w, Nowa S\u00f3l, Boles\u0142awiec, O\u015bwi\u0119cim, Malbork, Knur\u00f3w, Sanok, Jaros\u0142aw, Kwidzyn, \u017bary, Chrzan\u00f3w, Sopot, Wo\u0142omin, Ole\u015bnica, Sochaczew, Brzeg, Olkusz, Jas\u0142o, Cieszyn, Czechowice-Dziedzice, Kra\u015bnik, L\u0119bork, Dzier\u017coni\u00f3w, Ostr\u00f3da, Nowy Targ, Police, I\u0142awa, Z\u0105bki, Czelad\u017a, Myszk\u00f3w, O\u0142awa, \u017bywiec, Zgorzelec, Swarz\u0119dz, Bielawa, M\u0142awa, Lubo\u0144, \u0141uk\u00f3w, August\u00f3w, Grodzisk Mazowiecki, Bochnia, \u015arem, Gi\u017cycko, Wrze\u015bnia, Marki, Krotoszyn, Pruszcz Gda\u0144ski, \u0141owicz, Brodnica, Nowy Dw\u00f3r Mazowiecki, P\u0142o\u0144sk,\u00a0Nowy Dw\u00f3r Gda\u0144ski, Czersk, W\u0142adys\u0142awowo, Mak\u00f3w Mazowiecki, Karczew, Lubawa, Strzelce Kraje\u0144skie, Trzebiat\u00f3w, Krzeszowice, Kudowa-Zdr\u00f3j, Mo\u0144ki, Sul\u0119cin, Sztum, Bukowno, Drezdenko, Bystrzyca K\u0142odzka, Syc\u00f3w, \u0141obez, W\u0142oszczowa, Dobre Miasto, Murowana Go\u015blina, Kolno, Biskupiec, Wasilk\u00f3w, Ciechocinek, Mi\u0119dzych\u00f3d, Miastko, O\u017car\u00f3w Mazowiecki, Parczew, Krynica-Zdr\u00f3j, Czarnk\u00f3w, Pi\u0144cz\u00f3w, Nowe Miasto Lubawskie, Wis\u0142a, Niepo\u0142omice, Rogo\u017ano, Puck, Koronowo, Nowa D\u0119ba, Kowary, Wronki, My\u015blib\u00f3rz, Brzeszcze, G\u00f3ra Kalwaria, W\u0119gorzewo, Milicz, Radzymin, Warka, Krosno, Odrza\u0144skie, Drawsko Pomorskie, Miech\u00f3w, D\u0105browa Tarnowska, Zdzieszowice, Szyd\u0142owiec, Jan\u00f3w Lubelski, Mogilno, Szprotawa, G\u00f3ra, Pas\u0142\u0119k, Lubacz\u00f3w, Brzeg Dolny, B\u0142onie, Aleksandr\u00f3w Kujawski, Strzelin, Wo\u0142\u00f3w, Brzeziny, Pyrzyce, W\u0119gr\u00f3w, S\u0142awno, Golub-Dobrzy\u0144, G\u0142ubczyce, Trzebnica, Rabka-Zdr\u00f3j, K\u0142obuck, Brwin\u00f3w, Z\u0142ocieniec, Mosina, Koluszki, Wolsztyn, W\u0142odawa, Go\u0142dap, W\u0105brze\u017ano, Tuchola, Chojn\u00f3w, S\u0142upca, D\u0119bno, Dar\u0142owo, G\u0142ucho\u0142azy, \u017bnin, Barlinek, Cz\u0142uch\u00f3w, Le\u017cajsk, Nidzica, Wschowa, Mor\u0105g, Psz\u00f3w, Grodzisk Wielkopolski, Lubsko, Ostrzesz\u00f3w, K\u0119pno, Skocz\u00f3w, \u0141\u0119czyca, Siemiatycze, G\u0142owno, Lipno, Kartuzy, Che\u0142m\u017ca, Nowy Tomy\u015bl, Limanowa, Stasz\u00f3w, Nisko, Choszczno, Z\u0105bkowice \u015al\u0105skie, \u015awidwin, Solec Kujawski, Przeworsk, J\u0119drzej\u00f3w, Ropczyce, \u0141apy, Jelcz-Laskowice, Bogusz\u00f3w-Gorce, Ustka, Ustro\u0144, Z\u0142otoryja, Radzy\u0144 Podlaski, Namys\u0142\u00f3w, Lidzbark Warmi\u0144ski, Milan\u00f3wek, Olecko, Gr\u00f3jec, \u0141omianki, Strzegom, Busko-Zdr\u00f3j, Rypin, L\u0119dziny, Nowogard, Krapkowice, Gryfice, Gubin, D\u0119blin, S\u0142ubice, Byt\u00f3w, Radzionk\u00f3w, Brzesko, Mi\u0119dzyrzec Podlaski, Garwolin, Braniewo, Libi\u0105\u017c, Przasnysz, Konstancin-Jeziorna, Sulech\u00f3w, Trzcianka, Zielonka, Pleszew, Rawa Mazowiecka, Konstantyn\u00f3w, \u0141\u00f3dzki, \u0141ask, \u0141a\u0144cut, Radlin, Kozienice, Kostrzyn nad Odr\u0105, Bogatynia, My\u015blenice, Strzelce Opolskie, Oborniki, Hrubiesz\u00f3w, Sierpc, Mi\u0119dzyrzecz, Z\u0142ot\u00f3w, Pyskowice, Sok\u00f3\u0142ka, Soko\u0142\u00f3w Podlaski, Szamotu\u0142y, Gostynin, K\u0119ty, Nak\u0142o nad Noteci\u0105, Pionki, Pu\u0142tusk, Wadowice, Chodzie\u017c, Krasnystaw, Sulej\u00f3wek, Pisz, Bieru\u0144, \u0141\u0119czna, Tomasz\u00f3w Lubelski, Kamienna, G\u00f3ra, Ko\u0144skie, Ozork\u00f3w, Trzebinia, J\u00f3zef\u00f3w, Orzesze, Gosty\u0144, Che\u0142mno, Rawicz, Andrych\u00f3w, Aleksandr\u00f3w, \u0141\u00f3dzki, Koby\u0142ka, Hajn\u00f3wka, Dzia\u0142dowo, Gryfino, Prudnik, Wieliczka, Rydu\u0142towy, Luba\u0144, Opoczno, \u015awiebodzin, Mr\u0105gowo, Grajewo, Zambr\u00f3w, P\u0142o\u0144sk, \u0141aziska G\u00f3rne, Lubart\u00f3w, Polkowice, \u015aroda Wielkopolska, Goleni\u00f3w, Ostr\u00f3w Mazowiecka, Ko\u0142o, Piast\u00f3w, Nowa Ruda, \u015awiebodzice, Wielu\u0144, Reda, Ko\u015bcierzyna, Jawor, Ko\u015bcian, Lubliniec, Szczytno, Skawina, Sandomierz, Kluczbork, Bartoszyce, Bia\u0142ogard, W\u0105growiec, Pszczyna, Wa\u0142cz, Bielsk Podlaski, \u015awiecie, Jarocin, \u017baga\u0144, Bi\u0142goraj, Wyszk\u00f3w, Zakopane, K\u0142odzko, K\u0119trzyn, Turek, Gorlice, itd.<\/p>\t\t\t\t\t\t\t\t<\/div>\n\t\t\t\t<\/div>\n\t\t\t\t<div class=\"elementor-element elementor-element-0942170 elementor-widget-divider--view-line elementor-widget elementor-widget-divider\" data-id=\"0942170\" data-element_type=\"widget\" data-widget_type=\"divider.default\">\n\t\t\t\t<div class=\"elementor-widget-container\">\n\t\t\t\t\t\t\t<div class=\"elementor-divider\">\n\t\t\t<span class=\"elementor-divider-separator\">\n\t\t\t\t\t\t<\/span>\n\t\t<\/div>\n\t\t\t\t\t\t<\/div>\n\t\t\t\t<\/div>\n\t\t\t\t<div class=\"elementor-element elementor-element-a596a07 link elementor-widget elementor-widget-text-editor\" data-id=\"a596a07\" data-element_type=\"widget\" data-widget_type=\"text-editor.default\">\n\t\t\t\t<div class=\"elementor-widget-container\">\n\t\t\t\t\t\t\t\t\t<div class=\"container\"><div>Regeneracja wa\u0142\u00f3w nap\u0119dowych \u0141omianki, Warszawa. Wa\u0142y nap\u0119dowe Cardana. Naprawa wa\u0142\u00f3w nap\u0119dowych. Wywa\u017canie wa\u0142\u00f3w nap\u0119dowych.<\/div><\/div><footer class=\"footer\"><div class=\"container\">\u00a0<\/div><\/footer>\t\t\t\t\t\t\t\t<\/div>\n\t\t\t\t<\/div>\n\t\t\t\t\t<\/div>\n\t\t\t\t<\/div>\n\t\t\t\t<\/div>\n\t\t","protected":false},"excerpt":{"rendered":"<p>Regeneracja wa\u0142\u00f3w nap\u0119dowych Cardana. Regeneracja dr\u0105\u017ck\u00f3w kolumny kierowniczej. Regeneracja rolniczych wa\u0142\u00f3w przegubowo-teleskopowych PTO\/ WOM. Wa\u0142y nap\u0119dowe kardana &#8211; wywa\u017canie &#8211; naprawa &#8211; produkcja &#8211; regeneracja.\u00a0\u00a0Naprawiamy wa\u0142y nap\u0119dowe wszystkich typ\u00f3w. Stusujemy najlepszej jako\u015bci cz\u0119\u015bci zamienne: Tirsan Kardan, Dana Spicer, INA, Driveshaft Parts, Matsuba Japan, Klein, F\u0141T Kra\u015bnik, IFA Kardan, SKF. Dysponujemy technologiami gwarantuj\u0105cymi najwy\u017cszy standard naprawy [&hellip;]<\/p>\n","protected":false},"author":1,"featured_media":0,"parent":0,"menu_order":0,"comment_status":"closed","ping_status":"closed","template":"elementor_header_footer","meta":{"footnotes":""},"class_list":["post-24","page","type-page","status-publish","hentry"],"_links":{"self":[{"href":"https:\/\/regeneracjawalownapedowych.skydoo.com.pl\/index.php?rest_route=\/wp\/v2\/pages\/24","targetHints":{"allow":["GET"]}}],"collection":[{"href":"https:\/\/regeneracjawalownapedowych.skydoo.com.pl\/index.php?rest_route=\/wp\/v2\/pages"}],"about":[{"href":"https:\/\/regeneracjawalownapedowych.skydoo.com.pl\/index.php?rest_route=\/wp\/v2\/types\/page"}],"author":[{"embeddable":true,"href":"https:\/\/regeneracjawalownapedowych.skydoo.com.pl\/index.php?rest_route=\/wp\/v2\/users\/1"}],"replies":[{"embeddable":true,"href":"https:\/\/regeneracjawalownapedowych.skydoo.com.pl\/index.php?rest_route=%2Fwp%2Fv2%2Fcomments&post=24"}],"version-history":[{"count":4,"href":"https:\/\/regeneracjawalownapedowych.skydoo.com.pl\/index.php?rest_route=\/wp\/v2\/pages\/24\/revisions"}],"predecessor-version":[{"id":132,"href":"https:\/\/regeneracjawalownapedowych.skydoo.com.pl\/index.php?rest_route=\/wp\/v2\/pages\/24\/revisions\/132"}],"wp:attachment":[{"href":"https:\/\/regeneracjawalownapedowych.skydoo.com.pl\/index.php?rest_route=%2Fwp%2Fv2%2Fmedia&parent=24"}],"curies":[{"name":"wp","href":"https:\/\/api.w.org\/{rel}","templated":true}]}}